{"id":84,"date":"2020-04-14T09:36:36","date_gmt":"2020-04-14T07:36:36","guid":{"rendered":"http:\/\/cafedelespace.com\/?page_id=84"},"modified":"2020-09-01T17:13:17","modified_gmt":"2020-09-01T15:13:17","slug":"le-point-connecte","status":"publish","type":"page","link":"https:\/\/cafedelespace.com\/index.php\/les-services\/le-point-connecte\/","title":{"rendered":"Le point connect\u00e9"},"content":{"rendered":"\t\t<div data-elementor-type=\"wp-page\" data-elementor-id=\"84\" class=\"elementor elementor-84\">\n\t\t\t\t\t\t<section class=\"elementor-section elementor-top-section elementor-element elementor-element-e24f703 elementor-section-boxed elementor-section-height-default elementor-section-height-default\" data-id=\"e24f703\" data-element_type=\"section\" data-e-type=\"section\">\n\t\t\t\t\t\t<div class=\"elementor-container elementor-column-gap-default\">\n\t\t\t\t\t<div class=\"elementor-column elementor-col-100 elementor-top-column elementor-element elementor-element-65a8e84\" data-id=\"65a8e84\" data-element_type=\"column\" data-e-type=\"column\">\n\t\t\t<div class=\"elementor-widget-wrap elementor-element-populated\">\n\t\t\t\t\t\t<div class=\"elementor-element elementor-element-a5933ce elementor-widget elementor-widget-text-editor\" data-id=\"a5933ce\" data-element_type=\"widget\" data-e-type=\"widget\" data-widget_type=\"text-editor.default\">\n\t\t\t\t<div class=\"elementor-widget-container\">\n\t\t\t\t\t\t\t\t\t<p align=\"justify\"><strong>Le point connect\u00e9 du Caf\u00e9 de l\u2019Espace est un service \u00e0 destination des particuliers qui rassemble plusieurs actions\u00a0:<\/strong><\/p>\t\t\t\t\t\t\t\t<\/div>\n\t\t\t\t<\/div>\n\t\t\t\t\t<\/div>\n\t\t<\/div>\n\t\t\t\t\t<\/div>\n\t\t<\/section>\n\t\t\t\t<section class=\"elementor-section elementor-top-section elementor-element elementor-element-2f3eb33 elementor-section-boxed elementor-section-height-default elementor-section-height-default\" data-id=\"2f3eb33\" data-element_type=\"section\" data-e-type=\"section\">\n\t\t\t\t\t\t<div class=\"elementor-container elementor-column-gap-default\">\n\t\t\t\t\t<div class=\"elementor-column elementor-col-33 elementor-top-column elementor-element elementor-element-43a7c60\" data-id=\"43a7c60\" data-element_type=\"column\" data-e-type=\"column\">\n\t\t\t<div class=\"elementor-widget-wrap elementor-element-populated\">\n\t\t\t\t\t\t<div class=\"elementor-element elementor-element-2c7ec43 elementor-widget elementor-widget-image\" data-id=\"2c7ec43\" data-element_type=\"widget\" data-e-type=\"widget\" data-widget_type=\"image.default\">\n\t\t\t\t<div class=\"elementor-widget-container\">\n\t\t\t\t\t\t\t\t\t\t\t\t\t\t\t<img decoding=\"async\" width=\"150\" height=\"150\" src=\"https:\/\/cafedelespace.com\/wp-content\/uploads\/2020\/04\/wifi_318-1573-150x150.jpg\" class=\"attachment-thumbnail size-thumbnail wp-image-243\" alt=\"\" srcset=\"https:\/\/cafedelespace.com\/wp-content\/uploads\/2020\/04\/wifi_318-1573-150x150.jpg 150w, https:\/\/cafedelespace.com\/wp-content\/uploads\/2020\/04\/wifi_318-1573-300x300.jpg 300w, https:\/\/cafedelespace.com\/wp-content\/uploads\/2020\/04\/wifi_318-1573-60x60.jpg 60w, https:\/\/cafedelespace.com\/wp-content\/uploads\/2020\/04\/wifi_318-1573.jpg 626w\" sizes=\"(max-width: 150px) 100vw, 150px\" \/>\t\t\t\t\t\t\t\t\t\t\t\t\t\t\t<\/div>\n\t\t\t\t<\/div>\n\t\t\t\t\t<\/div>\n\t\t<\/div>\n\t\t\t\t<div class=\"elementor-column elementor-col-66 elementor-top-column elementor-element elementor-element-6f83ff7\" data-id=\"6f83ff7\" data-element_type=\"column\" data-e-type=\"column\">\n\t\t\t<div class=\"elementor-widget-wrap elementor-element-populated\">\n\t\t\t\t\t\t<div class=\"elementor-element elementor-element-ab5ab92 elementor-widget elementor-widget-text-editor\" data-id=\"ab5ab92\" data-element_type=\"widget\" data-e-type=\"widget\" data-widget_type=\"text-editor.default\">\n\t\t\t\t<div class=\"elementor-widget-container\">\n\t\t\t\t\t\t\t\t\t<p align=\"justify\">Un espace libre de WIFI \u00e0 disposition. Vous pouvez venir avec votre ordinateur portable pour vous connecter gratuitement sur notre r\u00e9seau WIFI dans la salle du bar. On peut \u00e9galement vous pr\u00eater un ordinateur si besoin.\t\t\t\t\t\t\t\t<\/div>\n\t\t\t\t<\/div>\n\t\t\t\t\t<\/div>\n\t\t<\/div>\n\t\t\t\t\t<\/div>\n\t\t<\/section>\n\t\t\t\t<section class=\"elementor-section elementor-top-section elementor-element elementor-element-c1bdc44 elementor-section-boxed elementor-section-height-default elementor-section-height-default\" data-id=\"c1bdc44\" data-element_type=\"section\" data-e-type=\"section\">\n\t\t\t\t\t\t<div class=\"elementor-container elementor-column-gap-default\">\n\t\t\t\t\t<div class=\"elementor-column elementor-col-100 elementor-top-column elementor-element elementor-element-486c8d6\" data-id=\"486c8d6\" data-element_type=\"column\" data-e-type=\"column\">\n\t\t\t<div class=\"elementor-widget-wrap elementor-element-populated\">\n\t\t\t\t\t\t<div class=\"elementor-element elementor-element-ff9e5e7 elementor-widget elementor-widget-text-editor\" data-id=\"ff9e5e7\" data-element_type=\"widget\" data-e-type=\"widget\" data-widget_type=\"text-editor.default\">\n\t\t\t\t<div class=\"elementor-widget-container\">\n\t\t\t\t\t\t\t\t\t<p align=\"justify\">Un espace de reprographie est \u00e0 disposition \u00e0 l\u2019\u00e9tage. Imprimante et scanner professionnels, mat\u00e9riels de reliure de documents. L\u2019impression est factur\u00e9e :\t\t\t\t\t\t\t\t<\/div>\n\t\t\t\t<\/div>\n\t\t\t\t<div class=\"elementor-element elementor-element-d151a0b elementor-icon-list--layout-traditional elementor-list-item-link-full_width elementor-widget elementor-widget-icon-list\" data-id=\"d151a0b\" data-element_type=\"widget\" data-e-type=\"widget\" data-widget_type=\"icon-list.default\">\n\t\t\t\t<div class=\"elementor-widget-container\">\n\t\t\t\t\t\t\t<ul class=\"elementor-icon-list-items\">\n\t\t\t\t\t\t\t<li class=\"elementor-icon-list-item\">\n\t\t\t\t\t\t\t\t\t\t\t<span class=\"elementor-icon-list-icon\">\n\t\t\t\t\t\t\t<i aria-hidden=\"true\" class=\"fas fa-file\"><\/i>\t\t\t\t\t\t<\/span>\n\t\t\t\t\t\t\t\t\t\t<span class=\"elementor-icon-list-text\">A4 N&amp;B : 0,20\u20ac<\/span>\n\t\t\t\t\t\t\t\t\t<\/li>\n\t\t\t\t\t\t\t\t<li class=\"elementor-icon-list-item\">\n\t\t\t\t\t\t\t\t\t\t\t<span class=\"elementor-icon-list-icon\">\n\t\t\t\t\t\t\t<i aria-hidden=\"true\" class=\"fas fa-file\"><\/i>\t\t\t\t\t\t<\/span>\n\t\t\t\t\t\t\t\t\t\t<span class=\"elementor-icon-list-text\">A4 Couleur : 0,30\u20ac<\/span>\n\t\t\t\t\t\t\t\t\t<\/li>\n\t\t\t\t\t\t\t\t<li class=\"elementor-icon-list-item\">\n\t\t\t\t\t\t\t\t\t\t\t<span class=\"elementor-icon-list-icon\">\n\t\t\t\t\t\t\t<i aria-hidden=\"true\" class=\"fas fa-file\"><\/i>\t\t\t\t\t\t<\/span>\n\t\t\t\t\t\t\t\t\t\t<span class=\"elementor-icon-list-text\">A3 N&amp;B : 0,40\u20ac<\/span>\n\t\t\t\t\t\t\t\t\t<\/li>\n\t\t\t\t\t\t\t\t<li class=\"elementor-icon-list-item\">\n\t\t\t\t\t\t\t\t\t\t\t<span class=\"elementor-icon-list-icon\">\n\t\t\t\t\t\t\t<i aria-hidden=\"true\" class=\"fas fa-file\"><\/i>\t\t\t\t\t\t<\/span>\n\t\t\t\t\t\t\t\t\t\t<span class=\"elementor-icon-list-text\">A3 Couleur : 0,60\u20ac<\/span>\n\t\t\t\t\t\t\t\t\t<\/li>\n\t\t\t\t\t\t<\/ul>\n\t\t\t\t\t\t<\/div>\n\t\t\t\t<\/div>\n\t\t\t\t\t<\/div>\n\t\t<\/div>\n\t\t\t\t\t<\/div>\n\t\t<\/section>\n\t\t\t\t<section class=\"elementor-section elementor-top-section elementor-element elementor-element-1fd5ba8 elementor-section-boxed elementor-section-height-default elementor-section-height-default\" data-id=\"1fd5ba8\" data-element_type=\"section\" data-e-type=\"section\">\n\t\t\t\t\t\t<div class=\"elementor-container elementor-column-gap-default\">\n\t\t\t\t\t<div class=\"elementor-column elementor-col-100 elementor-top-column elementor-element elementor-element-86c77b5\" data-id=\"86c77b5\" data-element_type=\"column\" data-e-type=\"column\">\n\t\t\t<div class=\"elementor-widget-wrap elementor-element-populated\">\n\t\t\t\t\t\t<div class=\"elementor-element elementor-element-26b7f16 elementor-widget elementor-widget-text-editor\" data-id=\"26b7f16\" data-element_type=\"widget\" data-e-type=\"widget\" data-widget_type=\"text-editor.default\">\n\t\t\t\t<div class=\"elementor-widget-container\">\n\t\t\t\t\t\t\t\t\t<p align=\"justify\">Sur demande, nous pouvons vous accompagner dans vos d\u00e9marches num\u00e9riques et\/ou vous orienter soit vers nos <a href=\"http:\/\/cafedelespace.com\/index.php\/lanimation\/les-cours-de-lespace\/\">cours informatique<\/a>, nos <a href=\"http:\/\/cafedelespace.com\/index.php\/pro-asso\/formation\/\">formations num\u00e9riques<\/a>, nos ateliers num\u00e9riques (voir <a href=\"http:\/\/cafedelespace.com\/index.php\/les-concerts-a-venir\/calendrier\/\">calendrier<\/a>) ou vers les partenaires sociaux \u00e0 m\u00eame de vous venir en aide.\t\t\t\t\t\t\t\t<\/div>\n\t\t\t\t<\/div>\n\t\t\t\t\t<\/div>\n\t\t<\/div>\n\t\t\t\t\t<\/div>\n\t\t<\/section>\n\t\t\t\t<\/div>\n\t\t","protected":false},"excerpt":{"rendered":"<p>Le point connect\u00e9 du Caf\u00e9 de l\u2019Espace est un service \u00e0 destination des particuliers qui rassemble plusieurs actions\u00a0: Un espace libre de WIFI \u00e0 disposition. Vous pouvez venir avec votre ordinateur portable pour vous connecter gratuitement sur notre r\u00e9seau WIFI dans la salle du bar. On peut \u00e9galement vous pr\u00eater un ordinateur si besoin. Un &hellip; <\/p>\n","protected":false},"author":2,"featured_media":0,"parent":82,"menu_order":0,"comment_status":"closed","ping_status":"closed","template":"","meta":{"footnotes":""},"class_list":["post-84","page","type-page","status-publish","hentry","latest_post"],"yoast_head":"<!-- This site is optimized with the Yoast SEO plugin v27.2 - https:\/\/yoast.com\/product\/yoast-seo-wordpress\/ -->\n<title>Le point connect\u00e9 &#8212; Le Caf\u00e9 de l&#039;Espace<\/title>\n<meta name=\"robots\" content=\"index, follow, max-snippet:-1, max-image-preview:large, max-video-preview:-1\" \/>\n<link rel=\"canonical\" href=\"https:\/\/cafedelespace.com\/index.php\/les-services\/le-point-connecte\/\" \/>\n<meta property=\"og:locale\" content=\"fr_FR\" \/>\n<meta property=\"og:type\" content=\"article\" \/>\n<meta property=\"og:title\" content=\"Le point connect\u00e9 &#8212; Le Caf\u00e9 de l&#039;Espace\" \/>\n<meta property=\"og:description\" content=\"Le point connect\u00e9 du Caf\u00e9 de l\u2019Espace est un service \u00e0 destination des particuliers qui rassemble plusieurs actions\u00a0: Un espace libre de WIFI \u00e0 disposition. Vous pouvez venir avec votre ordinateur portable pour vous connecter gratuitement sur notre r\u00e9seau WIFI dans la salle du bar. On peut \u00e9galement vous pr\u00eater un ordinateur si besoin. Un &hellip;\" \/>\n<meta property=\"og:url\" content=\"https:\/\/cafedelespace.com\/index.php\/les-services\/le-point-connecte\/\" \/>\n<meta property=\"og:site_name\" content=\"Le Caf\u00e9 de l&#039;Espace\" \/>\n<meta property=\"article:publisher\" content=\"https:\/\/www.facebook.com\/Cafe.de.lEspace\/\" \/>\n<meta property=\"article:modified_time\" content=\"2020-09-01T15:13:17+00:00\" \/>\n<meta property=\"og:image\" content=\"http:\/\/cafedelespace.com\/wp-content\/uploads\/2020\/04\/wifi_318-1573-150x150.jpg\" \/>\n<meta name=\"twitter:card\" content=\"summary_large_image\" \/>\n<meta name=\"twitter:label1\" content=\"Dur\u00e9e de lecture estim\u00e9e\" \/>\n\t<meta name=\"twitter:data1\" content=\"1 minute\" \/>\n<script type=\"application\/ld+json\" class=\"yoast-schema-graph\">{\"@context\":\"https:\/\/schema.org\",\"@graph\":[{\"@type\":\"WebPage\",\"@id\":\"https:\/\/cafedelespace.com\/index.php\/les-services\/le-point-connecte\/\",\"url\":\"https:\/\/cafedelespace.com\/index.php\/les-services\/le-point-connecte\/\",\"name\":\"Le point connect\u00e9 &#8212; Le Caf\u00e9 de l&#039;Espace\",\"isPartOf\":{\"@id\":\"https:\/\/cafedelespace.com\/#website\"},\"primaryImageOfPage\":{\"@id\":\"https:\/\/cafedelespace.com\/index.php\/les-services\/le-point-connecte\/#primaryimage\"},\"image\":{\"@id\":\"https:\/\/cafedelespace.com\/index.php\/les-services\/le-point-connecte\/#primaryimage\"},\"thumbnailUrl\":\"http:\/\/cafedelespace.com\/wp-content\/uploads\/2020\/04\/wifi_318-1573-150x150.jpg\",\"datePublished\":\"2020-04-14T07:36:36+00:00\",\"dateModified\":\"2020-09-01T15:13:17+00:00\",\"breadcrumb\":{\"@id\":\"https:\/\/cafedelespace.com\/index.php\/les-services\/le-point-connecte\/#breadcrumb\"},\"inLanguage\":\"fr-FR\",\"potentialAction\":[{\"@type\":\"ReadAction\",\"target\":[\"https:\/\/cafedelespace.com\/index.php\/les-services\/le-point-connecte\/\"]}]},{\"@type\":\"ImageObject\",\"inLanguage\":\"fr-FR\",\"@id\":\"https:\/\/cafedelespace.com\/index.php\/les-services\/le-point-connecte\/#primaryimage\",\"url\":\"https:\/\/cafedelespace.com\/wp-content\/uploads\/2020\/04\/wifi_318-1573.jpg\",\"contentUrl\":\"https:\/\/cafedelespace.com\/wp-content\/uploads\/2020\/04\/wifi_318-1573.jpg\",\"width\":626,\"height\":626},{\"@type\":\"BreadcrumbList\",\"@id\":\"https:\/\/cafedelespace.com\/index.php\/les-services\/le-point-connecte\/#breadcrumb\",\"itemListElement\":[{\"@type\":\"ListItem\",\"position\":1,\"name\":\"Accueil\",\"item\":\"https:\/\/cafedelespace.com\/\"},{\"@type\":\"ListItem\",\"position\":2,\"name\":\"Les Services\",\"item\":\"https:\/\/cafedelespace.com\/index.php\/les-services\/\"},{\"@type\":\"ListItem\",\"position\":3,\"name\":\"Le point connect\u00e9\"}]},{\"@type\":\"WebSite\",\"@id\":\"https:\/\/cafedelespace.com\/#website\",\"url\":\"https:\/\/cafedelespace.com\/\",\"name\":\"Le Caf\u00e9 de l Espace - Espace Associatif Alain Fauriaux\",\"description\":\"Espace Associatif Alain Fauriaux\",\"publisher\":{\"@id\":\"https:\/\/cafedelespace.com\/#organization\"},\"potentialAction\":[{\"@type\":\"SearchAction\",\"target\":{\"@type\":\"EntryPoint\",\"urlTemplate\":\"https:\/\/cafedelespace.com\/?s={search_term_string}\"},\"query-input\":{\"@type\":\"PropertyValueSpecification\",\"valueRequired\":true,\"valueName\":\"search_term_string\"}}],\"inLanguage\":\"fr-FR\"},{\"@type\":\"Organization\",\"@id\":\"https:\/\/cafedelespace.com\/#organization\",\"name\":\"Caf\u00e9 de l'Espace\",\"url\":\"https:\/\/cafedelespace.com\/\",\"logo\":{\"@type\":\"ImageObject\",\"inLanguage\":\"fr-FR\",\"@id\":\"https:\/\/cafedelespace.com\/#\/schema\/logo\/image\/\",\"url\":\"https:\/\/cafedelespace.com\/wp-content\/uploads\/2020\/04\/logo-peinture.png\",\"contentUrl\":\"https:\/\/cafedelespace.com\/wp-content\/uploads\/2020\/04\/logo-peinture.png\",\"width\":500,\"height\":500,\"caption\":\"Caf\u00e9 de l'Espace\"},\"image\":{\"@id\":\"https:\/\/cafedelespace.com\/#\/schema\/logo\/image\/\"},\"sameAs\":[\"https:\/\/www.facebook.com\/Cafe.de.lEspace\/\"]}]}<\/script>\n<!-- \/ Yoast SEO plugin. -->","yoast_head_json":{"title":"Le point connect\u00e9 &#8212; Le Caf\u00e9 de l&#039;Espace","robots":{"index":"index","follow":"follow","max-snippet":"max-snippet:-1","max-image-preview":"max-image-preview:large","max-video-preview":"max-video-preview:-1"},"canonical":"https:\/\/cafedelespace.com\/index.php\/les-services\/le-point-connecte\/","og_locale":"fr_FR","og_type":"article","og_title":"Le point connect\u00e9 &#8212; Le Caf\u00e9 de l&#039;Espace","og_description":"Le point connect\u00e9 du Caf\u00e9 de l\u2019Espace est un service \u00e0 destination des particuliers qui rassemble plusieurs actions\u00a0: Un espace libre de WIFI \u00e0 disposition. Vous pouvez venir avec votre ordinateur portable pour vous connecter gratuitement sur notre r\u00e9seau WIFI dans la salle du bar. On peut \u00e9galement vous pr\u00eater un ordinateur si besoin. Un &hellip;","og_url":"https:\/\/cafedelespace.com\/index.php\/les-services\/le-point-connecte\/","og_site_name":"Le Caf\u00e9 de l&#039;Espace","article_publisher":"https:\/\/www.facebook.com\/Cafe.de.lEspace\/","article_modified_time":"2020-09-01T15:13:17+00:00","og_image":[{"url":"http:\/\/cafedelespace.com\/wp-content\/uploads\/2020\/04\/wifi_318-1573-150x150.jpg","type":"","width":"","height":""}],"twitter_card":"summary_large_image","twitter_misc":{"Dur\u00e9e de lecture estim\u00e9e":"1 minute"},"schema":{"@context":"https:\/\/schema.org","@graph":[{"@type":"WebPage","@id":"https:\/\/cafedelespace.com\/index.php\/les-services\/le-point-connecte\/","url":"https:\/\/cafedelespace.com\/index.php\/les-services\/le-point-connecte\/","name":"Le point connect\u00e9 &#8212; Le Caf\u00e9 de l&#039;Espace","isPartOf":{"@id":"https:\/\/cafedelespace.com\/#website"},"primaryImageOfPage":{"@id":"https:\/\/cafedelespace.com\/index.php\/les-services\/le-point-connecte\/#primaryimage"},"image":{"@id":"https:\/\/cafedelespace.com\/index.php\/les-services\/le-point-connecte\/#primaryimage"},"thumbnailUrl":"http:\/\/cafedelespace.com\/wp-content\/uploads\/2020\/04\/wifi_318-1573-150x150.jpg","datePublished":"2020-04-14T07:36:36+00:00","dateModified":"2020-09-01T15:13:17+00:00","breadcrumb":{"@id":"https:\/\/cafedelespace.com\/index.php\/les-services\/le-point-connecte\/#breadcrumb"},"inLanguage":"fr-FR","potentialAction":[{"@type":"ReadAction","target":["https:\/\/cafedelespace.com\/index.php\/les-services\/le-point-connecte\/"]}]},{"@type":"ImageObject","inLanguage":"fr-FR","@id":"https:\/\/cafedelespace.com\/index.php\/les-services\/le-point-connecte\/#primaryimage","url":"https:\/\/cafedelespace.com\/wp-content\/uploads\/2020\/04\/wifi_318-1573.jpg","contentUrl":"https:\/\/cafedelespace.com\/wp-content\/uploads\/2020\/04\/wifi_318-1573.jpg","width":626,"height":626},{"@type":"BreadcrumbList","@id":"https:\/\/cafedelespace.com\/index.php\/les-services\/le-point-connecte\/#breadcrumb","itemListElement":[{"@type":"ListItem","position":1,"name":"Accueil","item":"https:\/\/cafedelespace.com\/"},{"@type":"ListItem","position":2,"name":"Les Services","item":"https:\/\/cafedelespace.com\/index.php\/les-services\/"},{"@type":"ListItem","position":3,"name":"Le point connect\u00e9"}]},{"@type":"WebSite","@id":"https:\/\/cafedelespace.com\/#website","url":"https:\/\/cafedelespace.com\/","name":"Le Caf\u00e9 de l Espace - Espace Associatif Alain Fauriaux","description":"Espace Associatif Alain Fauriaux","publisher":{"@id":"https:\/\/cafedelespace.com\/#organization"},"potentialAction":[{"@type":"SearchAction","target":{"@type":"EntryPoint","urlTemplate":"https:\/\/cafedelespace.com\/?s={search_term_string}"},"query-input":{"@type":"PropertyValueSpecification","valueRequired":true,"valueName":"search_term_string"}}],"inLanguage":"fr-FR"},{"@type":"Organization","@id":"https:\/\/cafedelespace.com\/#organization","name":"Caf\u00e9 de l'Espace","url":"https:\/\/cafedelespace.com\/","logo":{"@type":"ImageObject","inLanguage":"fr-FR","@id":"https:\/\/cafedelespace.com\/#\/schema\/logo\/image\/","url":"https:\/\/cafedelespace.com\/wp-content\/uploads\/2020\/04\/logo-peinture.png","contentUrl":"https:\/\/cafedelespace.com\/wp-content\/uploads\/2020\/04\/logo-peinture.png","width":500,"height":500,"caption":"Caf\u00e9 de l'Espace"},"image":{"@id":"https:\/\/cafedelespace.com\/#\/schema\/logo\/image\/"},"sameAs":["https:\/\/www.facebook.com\/Cafe.de.lEspace\/"]}]}},"_links":{"self":[{"href":"https:\/\/cafedelespace.com\/index.php\/wp-json\/wp\/v2\/pages\/84","targetHints":{"allow":["GET"]}}],"collection":[{"href":"https:\/\/cafedelespace.com\/index.php\/wp-json\/wp\/v2\/pages"}],"about":[{"href":"https:\/\/cafedelespace.com\/index.php\/wp-json\/wp\/v2\/types\/page"}],"author":[{"embeddable":true,"href":"https:\/\/cafedelespace.com\/index.php\/wp-json\/wp\/v2\/users\/2"}],"replies":[{"embeddable":true,"href":"https:\/\/cafedelespace.com\/index.php\/wp-json\/wp\/v2\/comments?post=84"}],"version-history":[{"count":4,"href":"https:\/\/cafedelespace.com\/index.php\/wp-json\/wp\/v2\/pages\/84\/revisions"}],"predecessor-version":[{"id":404,"href":"https:\/\/cafedelespace.com\/index.php\/wp-json\/wp\/v2\/pages\/84\/revisions\/404"}],"up":[{"embeddable":true,"href":"https:\/\/cafedelespace.com\/index.php\/wp-json\/wp\/v2\/pages\/82"}],"wp:attachment":[{"href":"https:\/\/cafedelespace.com\/index.php\/wp-json\/wp\/v2\/media?parent=84"}],"curies":[{"name":"wp","href":"https:\/\/api.w.org\/{rel}","templated":true}]}}