{"id":82,"date":"2020-04-14T09:36:04","date_gmt":"2020-04-14T07:36:04","guid":{"rendered":"http:\/\/cafedelespace.com\/?page_id=82"},"modified":"2026-01-07T17:40:36","modified_gmt":"2026-01-07T16:40:36","slug":"les-services","status":"publish","type":"page","link":"https:\/\/cafedelespace.com\/index.php\/les-services\/","title":{"rendered":"Les Services"},"content":{"rendered":"\t\t<div data-elementor-type=\"wp-page\" data-elementor-id=\"82\" class=\"elementor elementor-82\">\n\t\t\t\t\t\t<section class=\"elementor-section elementor-top-section elementor-element elementor-element-f27e2a4 elementor-section-boxed elementor-section-height-default elementor-section-height-default\" data-id=\"f27e2a4\" data-element_type=\"section\" data-e-type=\"section\">\n\t\t\t\t\t\t<div class=\"elementor-container elementor-column-gap-default\">\n\t\t\t\t\t<div class=\"elementor-column elementor-col-100 elementor-top-column elementor-element elementor-element-4519c2c\" data-id=\"4519c2c\" data-element_type=\"column\" data-e-type=\"column\">\n\t\t\t<div class=\"elementor-widget-wrap elementor-element-populated\">\n\t\t\t\t\t\t<div class=\"elementor-element elementor-element-b428856 elementor-widget elementor-widget-heading\" data-id=\"b428856\" data-element_type=\"widget\" data-e-type=\"widget\" data-widget_type=\"heading.default\">\n\t\t\t\t<div class=\"elementor-widget-container\">\n\t\t\t\t\t<h2 class=\"elementor-heading-title elementor-size-default\">Un bistrot de village<\/h2>\t\t\t\t<\/div>\n\t\t\t\t<\/div>\n\t\t\t\t<div class=\"elementor-element elementor-element-24db340 elementor-widget elementor-widget-text-editor\" data-id=\"24db340\" data-element_type=\"widget\" data-e-type=\"widget\" data-widget_type=\"text-editor.default\">\n\t\t\t\t<div class=\"elementor-widget-container\">\n\t\t\t\t\t\t\t\t\t<h5 align=\"justify\">Le Caf\u00e9 de l\u2019Espace est un lieu o\u00f9 vous pouvez venir \u00e0 tout moment pour boire un verre, discuter tout en profitant des jeux mis \u00e0 disposition. Tout au long de l\u2019ann\u00e9e sont organis\u00e9es des soir\u00e9es \u00e0 th\u00e8me, des animations pour faire vivre le caf\u00e9 et le village lorsqu\u2019il n\u2019y a pas de concerts, spectacles etc.<\/h5><div>Ouverture du mardi au jeudi de 10h \u00e0 18h, le vendredi de 14h \u00e0 18h (14h \u00e0 1h lors des concerts) et le samedi uniquement lors d&rsquo;\u00e9v\u00e9nements (voir programmation)<\/div>\t\t\t\t\t\t\t\t<\/div>\n\t\t\t\t<\/div>\n\t\t\t\t\t<\/div>\n\t\t<\/div>\n\t\t\t\t\t<\/div>\n\t\t<\/section>\n\t\t\t\t<section class=\"elementor-section elementor-top-section elementor-element elementor-element-d65c67e elementor-section-boxed elementor-section-height-default elementor-section-height-default\" data-id=\"d65c67e\" data-element_type=\"section\" data-e-type=\"section\">\n\t\t\t\t\t\t<div class=\"elementor-container elementor-column-gap-default\">\n\t\t\t\t\t<div class=\"elementor-column elementor-col-100 elementor-top-column elementor-element elementor-element-1ba230a\" data-id=\"1ba230a\" data-element_type=\"column\" data-e-type=\"column\">\n\t\t\t<div class=\"elementor-widget-wrap elementor-element-populated\">\n\t\t\t\t\t\t<div class=\"elementor-element elementor-element-5550157 elementor-widget elementor-widget-heading\" data-id=\"5550157\" data-element_type=\"widget\" data-e-type=\"widget\" data-widget_type=\"heading.default\">\n\t\t\t\t<div class=\"elementor-widget-container\">\n\t\t\t\t\t<h2 class=\"elementor-heading-title elementor-size-default\">Agence Postale Communale<\/h2>\t\t\t\t<\/div>\n\t\t\t\t<\/div>\n\t\t\t\t<div class=\"elementor-element elementor-element-ca77ff3 elementor-widget elementor-widget-text-editor\" data-id=\"ca77ff3\" data-element_type=\"widget\" data-e-type=\"widget\" data-widget_type=\"text-editor.default\">\n\t\t\t\t<div class=\"elementor-widget-container\">\n\t\t\t\t\t\t\t\t\t<p align=\"justify\"><em>Le groupe La Poste dans le cadre de sa mission d\u2019int\u00e9r\u00eat g\u00e9n\u00e9ral de contribution \u00e0 l\u2019am\u00e9nagement du territoire a souhait\u00e9 s\u2019adapter et proposer des bouquets de services sous forme partenariale au plus pr\u00e8s des projets locaux.<\/em> <span style=\"color: #000000;\">C\u2019est ainsi que depuis Septembre 2018, le Caf\u00e9 de l&rsquo;Espace a sign\u00e9 une convention avec le groupe La Poste afin d\u2019assurer la tenue d\u2019un relais postal, d\u00e9nomm\u00e9 LaPoste relais ESS Services +.<\/span><\/p>\n<p align=\"justify\">Cela a permis d\u2019assurer la continuit\u00e9 d\u2019un service qui allait dispara\u00eetre \u00e0 Flayat. Le guichet est install\u00e9 au Caf\u00e9 de l\u2019Espace, dans un local attenant mais s\u00e9par\u00e9 de la partie \u00ab&nbsp;bar\/concert\/animations&nbsp;\u00bb, avec une amplitude horaire plus large tout en gardant les services postaux localement.<\/p>\n<p align=\"justify\">Horaires d\u2019ouverture:<\/p>\n<section class=\"elementor-section elementor-top-section elementor-element elementor-element-b67e1f8 elementor-section-boxed elementor-section-height-default elementor-section-height-default\" data-id=\"b67e1f8\" data-element_type=\"section\">\n<div class=\"elementor-container elementor-column-gap-default\">\n<div class=\"elementor-row\">\n<div class=\"elementor-column elementor-col-100 elementor-top-column elementor-element elementor-element-0903247\" data-id=\"0903247\" data-element_type=\"column\">\n<div class=\"elementor-column-wrap elementor-element-populated\">\n<div class=\"elementor-widget-wrap\">\n<div class=\"elementor-element elementor-element-9802594 elementor-widget elementor-widget-text-editor\" data-id=\"9802594\" data-element_type=\"widget\" data-widget_type=\"text-editor.default\">\n<div class=\"elementor-widget-container\">\n<div class=\"elementor-text-editor elementor-clearfix\">\n<ul>\n<li>Mardi: 10h-12h et 14h-17h<\/li>\n<li>Mercredi: 10h-12h et 14h-17h<\/li>\n<li>Jeudi: 10h-12h et 14h-17h<\/li>\n<li>Vendredi: 14h-17h<\/li>\n<\/ul>\n<p align=\"justify\">\n<\/p><\/div>\n<\/div>\n<\/div>\n<\/div>\n<\/div>\n<\/div>\n<\/div>\n<\/div>\n<\/section>\n<section class=\"elementor-section elementor-top-section elementor-element elementor-element-1174434 elementor-section-boxed elementor-section-height-default elementor-section-height-default\" data-id=\"1174434\" data-element_type=\"section\">\n<div class=\"elementor-container elementor-column-gap-default\">\n<div class=\"elementor-row\">\n<div class=\"elementor-column elementor-col-100 elementor-top-column elementor-element elementor-element-5e3833f\" data-id=\"5e3833f\" data-element_type=\"column\">\n<div class=\"elementor-column-wrap elementor-element-populated\">\n<div class=\"elementor-widget-wrap\">\n<div class=\"elementor-element elementor-element-291a9ca elementor-icon-list--layout-traditional elementor-list-item-link-full_width elementor-widget elementor-widget-icon-list\" data-id=\"291a9ca\" data-element_type=\"widget\" data-widget_type=\"icon-list.default\">\n<div class=\"elementor-widget-container\">\n<ul class=\"elementor-icon-list-items\">\n<li class=\"elementor-icon-list-item\">Vente de timbres et affranchissement de courrier et colis.<\/li>\n<li class=\"elementor-icon-list-item\">D\u00e9pannage financier&nbsp;La Banque Postale : D\u00e9p\u00f4t d\u2019argent, retrait d\u2019argent jusqu\u2019\u00e0 500\u20ac \/ semaine<\/li>\n<li class=\"elementor-icon-list-item\">D\u00e9p\u00f4t de ch\u00e8que<\/li>\n<li class=\"elementor-icon-list-item\">Vente de colis<\/li>\n<li class=\"elementor-icon-list-item\">Vente d\u2019autres produits La Poste (philat\u00e9lie, pi\u00e8ces de collection, etc)<\/li>\n<\/ul>\n<\/div>\n<\/div>\n<\/div>\n<\/div>\n<\/div>\n<\/div>\n<\/div>\n<\/section>\t\t\t\t\t\t\t\t<\/div>\n\t\t\t\t<\/div>\n\t\t\t\t\t<\/div>\n\t\t<\/div>\n\t\t\t\t\t<\/div>\n\t\t<\/section>\n\t\t\t\t<section class=\"elementor-section elementor-top-section elementor-element elementor-element-336b850 elementor-section-boxed elementor-section-height-default elementor-section-height-default\" data-id=\"336b850\" data-element_type=\"section\" data-e-type=\"section\">\n\t\t\t\t\t\t<div class=\"elementor-container elementor-column-gap-default\">\n\t\t\t\t\t<div class=\"elementor-column elementor-col-100 elementor-top-column elementor-element elementor-element-81d8a8f\" data-id=\"81d8a8f\" data-element_type=\"column\" data-e-type=\"column\">\n\t\t\t<div class=\"elementor-widget-wrap elementor-element-populated\">\n\t\t\t\t\t\t<div class=\"elementor-element elementor-element-c4d9541 elementor-widget elementor-widget-heading\" data-id=\"c4d9541\" data-element_type=\"widget\" data-e-type=\"widget\" data-widget_type=\"heading.default\">\n\t\t\t\t<div class=\"elementor-widget-container\">\n\t\t\t\t\t<h2 class=\"elementor-heading-title elementor-size-default\">G\u00eete d'\u00e9tape La Belle Etoile<\/h2>\t\t\t\t<\/div>\n\t\t\t\t<\/div>\n\t\t\t\t<div class=\"elementor-element elementor-element-be9475f elementor-widget elementor-widget-text-editor\" data-id=\"be9475f\" data-element_type=\"widget\" data-e-type=\"widget\" data-widget_type=\"text-editor.default\">\n\t\t\t\t<div class=\"elementor-widget-container\">\n\t\t\t\t\t\t\t\t\t<p>Le b\u00e2timent de l&rsquo;ancienne Poste a \u00e9t\u00e9 r\u00e9nov\u00e9 par la commune de Flayat qui nous en a propos\u00e9 la gestion depuis 2022. Ce confortable h\u00e9bergement de 100 m2, ouvert toute l&rsquo;ann\u00e9e, peut accueillir 10 personnes. Il comporte trois chambres de 2 lits simples, un dortoir de 4 lits simples et un espace co-working. Il peut \u00eatre privatis\u00e9 pour vos s\u00e9minaires ou vos r\u00e9ceptions familiales.<\/p><p>\u00a0Vous trouverez sur place tout le confort n\u00e9cessaire :<\/p><p>2 petites cuisines \u00e9quip\u00e9es ( 2 plaques, frigo, micro-ondes).<br \/>Des sanitaires (2 douches, 2 toilettes, 2 lavabos).<br \/>1 machine \u00e0 laver et un s\u00e8che-linge.\u00a0<br \/>Du chauffage dans toutes les pi\u00e8ces&#8230;<\/p><p><a href=\"https:\/\/www.giteetapelabelleetoiledeflayat.fr\/\">Informations et r\u00e9servations en cliquant ici<\/a><\/p>\t\t\t\t\t\t\t\t<\/div>\n\t\t\t\t<\/div>\n\t\t\t\t\t<\/div>\n\t\t<\/div>\n\t\t\t\t\t<\/div>\n\t\t<\/section>\n\t\t\t\t<section class=\"elementor-section elementor-top-section elementor-element elementor-element-5e98c8e elementor-section-boxed elementor-section-height-default elementor-section-height-default\" data-id=\"5e98c8e\" data-element_type=\"section\" data-e-type=\"section\">\n\t\t\t\t\t\t<div class=\"elementor-container elementor-column-gap-default\">\n\t\t\t\t\t<div class=\"elementor-column elementor-col-100 elementor-top-column elementor-element elementor-element-d7b68c3\" data-id=\"d7b68c3\" data-element_type=\"column\" data-e-type=\"column\">\n\t\t\t<div class=\"elementor-widget-wrap elementor-element-populated\">\n\t\t\t\t\t\t<div class=\"elementor-element elementor-element-eabda4b elementor-widget elementor-widget-heading\" data-id=\"eabda4b\" data-element_type=\"widget\" data-e-type=\"widget\" data-widget_type=\"heading.default\">\n\t\t\t\t<div class=\"elementor-widget-container\">\n\t\t\t\t\t<h2 class=\"elementor-heading-title elementor-size-default\">Point connect\u00e9 et aide informatique<\/h2>\t\t\t\t<\/div>\n\t\t\t\t<\/div>\n\t\t\t\t<div class=\"elementor-element elementor-element-34e813a elementor-widget elementor-widget-text-editor\" data-id=\"34e813a\" data-element_type=\"widget\" data-e-type=\"widget\" data-widget_type=\"text-editor.default\">\n\t\t\t\t<div class=\"elementor-widget-container\">\n\t\t\t\t\t\t\t\t\t<section data-id=\"1fccb48\" data-element_type=\"section\"><div><div><div data-id=\"885fda3\" data-element_type=\"column\"><div><div><div data-id=\"360341c\" data-element_type=\"widget\" data-widget_type=\"text-editor.default\"><div><div><div data-id=\"ff9e5e7\" data-element_type=\"widget\" data-widget_type=\"text-editor.default\"><div><div><p align=\"justify\">Un espace de reprographie est \u00e0 disposition \u00e0<br \/>l\u2019\u00e9tage. Imprimante et scanner professionnels, mat\u00e9riels de reliure de<br \/>documents. L\u2019impression est factur\u00e9e :<\/p><\/div><\/div><\/div><div data-id=\"d151a0b\" data-element_type=\"widget\" data-widget_type=\"icon-list.default\"><div><ul><li>A4 N&amp;B : 0,20\u20ac<\/li><li>A4 Couleur : 0,30\u20ac<\/li><li>A3 N&amp;B : 0,40\u20ac<\/li><li>A3 Couleur : 0,60\u20ac<\/li><\/ul><\/div><\/div><section data-id=\"1fd5ba8\" data-element_type=\"section\"><div><div><div data-id=\"86c77b5\" data-element_type=\"column\"><div><div><div data-id=\"26b7f16\" data-element_type=\"widget\" data-widget_type=\"text-editor.default\"><div><div><p align=\"justify\">Sur demande, nous pouvons vous accompagner dans vos d\u00e9marches num\u00e9riques et\/ou vous orienter vers les partenaires sociaux \u00e0 m\u00eame de vous venir en aide<\/p><\/div><\/div><\/div><\/div><\/div><\/div><\/div><\/div><\/section><\/div><\/div><\/div><\/div><\/div><\/div><\/div><\/div><\/section><p>\u00a0<\/p>\t\t\t\t\t\t\t\t<\/div>\n\t\t\t\t<\/div>\n\t\t\t\t\t<\/div>\n\t\t<\/div>\n\t\t\t\t\t<\/div>\n\t\t<\/section>\n\t\t\t\t<section class=\"elementor-section elementor-top-section elementor-element elementor-element-eb20629 elementor-section-boxed elementor-section-height-default elementor-section-height-default\" data-id=\"eb20629\" data-element_type=\"section\" data-e-type=\"section\">\n\t\t\t\t\t\t<div class=\"elementor-container elementor-column-gap-default\">\n\t\t\t\t\t<div class=\"elementor-column elementor-col-100 elementor-top-column elementor-element elementor-element-fb473d4\" data-id=\"fb473d4\" data-element_type=\"column\" data-e-type=\"column\">\n\t\t\t<div class=\"elementor-widget-wrap elementor-element-populated\">\n\t\t\t\t\t\t<div class=\"elementor-element elementor-element-c01e1e8 elementor-widget elementor-widget-heading\" data-id=\"c01e1e8\" data-element_type=\"widget\" data-e-type=\"widget\" data-widget_type=\"heading.default\">\n\t\t\t\t<div class=\"elementor-widget-container\">\n\t\t\t\t\t<h2 class=\"elementor-heading-title elementor-size-default\">Point ressources<\/h2>\t\t\t\t<\/div>\n\t\t\t\t<\/div>\n\t\t\t\t<div class=\"elementor-element elementor-element-1f1ab6e elementor-widget elementor-widget-text-editor\" data-id=\"1f1ab6e\" data-element_type=\"widget\" data-e-type=\"widget\" data-widget_type=\"text-editor.default\">\n\t\t\t\t<div class=\"elementor-widget-container\">\n\t\t\t\t\t\t\t\t\t<p align=\"justify\">Depuis sa cr\u00e9ation en 2009, l\u2019EAAF a \u00e9volu\u00e9 au sein de divers r\u00e9seaux et aupr\u00e8s de nombreux partenaires. Cette forme du travail collaboratif est pour nous une \u00e9vidence\u00a0!<\/p><p>Nous nous effor\u00e7ons donc de maintenir, pour les particuliers et les professionnels usagers de notre lieu, une connaissance fine de notre territoire et de ses possibilit\u00e9s afin d\u2019\u00eatre l\u2019un des engrenages qui permet les rencontres et les partenariats\u00a0!<\/p><div tabindex=\"0\" role=\"tab\" data-tab=\"1\" aria-controls=\"elementor-tab-content-2541\" aria-expanded=\"true\" aria-selected=\"true\"><a href=\"https:\/\/cafedelespace.com\/index.php\/les-services\/le-point-ressources\/\">Ressources pour les familles.<\/a><\/div><div style=\"display: block;\" role=\"tabpanel\" data-tab=\"1\" aria-labelledby=\"elementor-tab-title-2541\"><p align=\"justify\"><span style=\"font-family: Arial, sans-serif;\"><span style=\"font-size: medium;\">Nous sommes en mesure de vous mettre en relation avec des professionnels de<br \/>la petite enfance, de l\u2019enfance et de la jeunesse, avec des structures<br \/>de loisirs mais \u00e9galement de vous pr\u00e9senter le maillage scolaire.<\/span><\/span><\/p><div tabindex=\"0\" role=\"tab\" data-tab=\"3\" aria-controls=\"elementor-tab-content-2543\" aria-expanded=\"true\" aria-selected=\"true\"><a href=\"https:\/\/cafedelespace.com\/index.php\/les-services\/le-point-ressources\/\">Ressources pour les particuliers.<\/a><\/div><div style=\"display: block;\" role=\"tabpanel\" data-tab=\"3\" aria-labelledby=\"elementor-tab-title-2543\"><p align=\"justify\"><span style=\"font-family: Arial, sans-serif;\"><span style=\"font-size: medium;\">Questions de formation, d\u2019acc\u00e8s aux droits, de soutien social, de loisirs et de culture, soutien aux initiatives citoyennes<\/span><\/span><\/p><div id=\"elementor-tab-title-2544\" class=\"elementor-tab-title elementor-active\" tabindex=\"0\" role=\"tab\" data-tab=\"4\" aria-controls=\"elementor-tab-content-2544\" aria-expanded=\"true\" aria-selected=\"true\"><a class=\"elementor-toggle-title\" href=\"https:\/\/cafedelespace.com\/index.php\/les-services\/le-point-ressources\/\">Ressources touristiques et culturelles.<\/a><\/div><div id=\"elementor-tab-content-2544\" class=\"elementor-tab-content elementor-clearfix elementor-active\" style=\"display: block;\" role=\"tabpanel\" data-tab=\"4\" aria-labelledby=\"elementor-tab-title-2544\"><p align=\"justify\"><span style=\"font-family: Arial, sans-serif;\"><span style=\"font-size: medium;\">Plusieurs mairies, collectivit\u00e9s et offices de tourisme, associations et sc\u00e8nes de spectacles nous font confiance pour mettre \u00e0 disposition et promouvoir les ressources fabuleuses de notre territoire\u00a0: retrouvez cartes de randonn\u00e9e, programmation de salles de spectacles et affiches d\u2019\u00e9v\u00e8nements associatifs dans nos locaux.<\/span><\/span><\/p><\/div><p align=\"justify\">\u00a0<\/p><p align=\"justify\"><span style=\"font-family: Arial, sans-serif;\"><span style=\"font-size: medium;\">\u00a0<\/span><\/span><\/p><\/div><p align=\"justify\">\u00a0<\/p><p align=\"justify\"><span style=\"font-family: Arial, sans-serif;\"><span style=\"font-size: medium;\">\u00a0<\/span><\/span><\/p><\/div><p>\u00a0<\/p><p>\u00a0<\/p><p>\u00a0<\/p>\t\t\t\t\t\t\t\t<\/div>\n\t\t\t\t<\/div>\n\t\t\t\t\t<\/div>\n\t\t<\/div>\n\t\t\t\t\t<\/div>\n\t\t<\/section>\n\t\t\t\t<\/div>\n\t\t","protected":false},"excerpt":{"rendered":"<p>Un bistrot de village Le Caf\u00e9 de l\u2019Espace est un lieu o\u00f9 vous pouvez venir \u00e0 tout moment pour boire un verre, discuter tout en profitant des jeux mis \u00e0 disposition. Tout au long de l\u2019ann\u00e9e sont organis\u00e9es des soir\u00e9es \u00e0 th\u00e8me, des animations pour faire vivre le caf\u00e9 et le village lorsqu\u2019il n\u2019y a &hellip; <\/p>\n","protected":false},"author":2,"featured_media":0,"parent":0,"menu_order":0,"comment_status":"closed","ping_status":"closed","template":"","meta":{"footnotes":""},"class_list":["post-82","page","type-page","status-publish","hentry","latest_post"],"yoast_head":"<!-- This site is optimized with the Yoast SEO plugin v27.2 - https:\/\/yoast.com\/product\/yoast-seo-wordpress\/ -->\n<title>Les Services &#8212; Le Caf\u00e9 de l&#039;Espace<\/title>\n<meta name=\"robots\" content=\"index, follow, max-snippet:-1, max-image-preview:large, max-video-preview:-1\" \/>\n<link rel=\"canonical\" href=\"https:\/\/cafedelespace.com\/index.php\/les-services\/\" \/>\n<meta property=\"og:locale\" content=\"fr_FR\" \/>\n<meta property=\"og:type\" content=\"article\" \/>\n<meta property=\"og:title\" content=\"Les Services &#8212; Le Caf\u00e9 de l&#039;Espace\" \/>\n<meta property=\"og:description\" content=\"Un bistrot de village Le Caf\u00e9 de l\u2019Espace est un lieu o\u00f9 vous pouvez venir \u00e0 tout moment pour boire un verre, discuter tout en profitant des jeux mis \u00e0 disposition. Tout au long de l\u2019ann\u00e9e sont organis\u00e9es des soir\u00e9es \u00e0 th\u00e8me, des animations pour faire vivre le caf\u00e9 et le village lorsqu\u2019il n\u2019y a &hellip;\" \/>\n<meta property=\"og:url\" content=\"https:\/\/cafedelespace.com\/index.php\/les-services\/\" \/>\n<meta property=\"og:site_name\" content=\"Le Caf\u00e9 de l&#039;Espace\" \/>\n<meta property=\"article:publisher\" content=\"https:\/\/www.facebook.com\/Cafe.de.lEspace\/\" \/>\n<meta property=\"article:modified_time\" content=\"2026-01-07T16:40:36+00:00\" \/>\n<meta name=\"twitter:card\" content=\"summary_large_image\" \/>\n<meta name=\"twitter:label1\" content=\"Dur\u00e9e de lecture estim\u00e9e\" \/>\n\t<meta name=\"twitter:data1\" content=\"3 minutes\" \/>\n<script type=\"application\/ld+json\" class=\"yoast-schema-graph\">{\"@context\":\"https:\/\/schema.org\",\"@graph\":[{\"@type\":\"WebPage\",\"@id\":\"https:\/\/cafedelespace.com\/index.php\/les-services\/\",\"url\":\"https:\/\/cafedelespace.com\/index.php\/les-services\/\",\"name\":\"Les Services &#8212; Le Caf\u00e9 de l&#039;Espace\",\"isPartOf\":{\"@id\":\"https:\/\/cafedelespace.com\/#website\"},\"datePublished\":\"2020-04-14T07:36:04+00:00\",\"dateModified\":\"2026-01-07T16:40:36+00:00\",\"breadcrumb\":{\"@id\":\"https:\/\/cafedelespace.com\/index.php\/les-services\/#breadcrumb\"},\"inLanguage\":\"fr-FR\",\"potentialAction\":[{\"@type\":\"ReadAction\",\"target\":[\"https:\/\/cafedelespace.com\/index.php\/les-services\/\"]}]},{\"@type\":\"BreadcrumbList\",\"@id\":\"https:\/\/cafedelespace.com\/index.php\/les-services\/#breadcrumb\",\"itemListElement\":[{\"@type\":\"ListItem\",\"position\":1,\"name\":\"Accueil\",\"item\":\"https:\/\/cafedelespace.com\/\"},{\"@type\":\"ListItem\",\"position\":2,\"name\":\"Les Services\"}]},{\"@type\":\"WebSite\",\"@id\":\"https:\/\/cafedelespace.com\/#website\",\"url\":\"https:\/\/cafedelespace.com\/\",\"name\":\"Le Caf\u00e9 de l Espace - Espace Associatif Alain Fauriaux\",\"description\":\"Espace Associatif Alain Fauriaux\",\"publisher\":{\"@id\":\"https:\/\/cafedelespace.com\/#organization\"},\"potentialAction\":[{\"@type\":\"SearchAction\",\"target\":{\"@type\":\"EntryPoint\",\"urlTemplate\":\"https:\/\/cafedelespace.com\/?s={search_term_string}\"},\"query-input\":{\"@type\":\"PropertyValueSpecification\",\"valueRequired\":true,\"valueName\":\"search_term_string\"}}],\"inLanguage\":\"fr-FR\"},{\"@type\":\"Organization\",\"@id\":\"https:\/\/cafedelespace.com\/#organization\",\"name\":\"Caf\u00e9 de l'Espace\",\"url\":\"https:\/\/cafedelespace.com\/\",\"logo\":{\"@type\":\"ImageObject\",\"inLanguage\":\"fr-FR\",\"@id\":\"https:\/\/cafedelespace.com\/#\/schema\/logo\/image\/\",\"url\":\"https:\/\/cafedelespace.com\/wp-content\/uploads\/2020\/04\/logo-peinture.png\",\"contentUrl\":\"https:\/\/cafedelespace.com\/wp-content\/uploads\/2020\/04\/logo-peinture.png\",\"width\":500,\"height\":500,\"caption\":\"Caf\u00e9 de l'Espace\"},\"image\":{\"@id\":\"https:\/\/cafedelespace.com\/#\/schema\/logo\/image\/\"},\"sameAs\":[\"https:\/\/www.facebook.com\/Cafe.de.lEspace\/\"]}]}<\/script>\n<!-- \/ Yoast SEO plugin. -->","yoast_head_json":{"title":"Les Services &#8212; Le Caf\u00e9 de l&#039;Espace","robots":{"index":"index","follow":"follow","max-snippet":"max-snippet:-1","max-image-preview":"max-image-preview:large","max-video-preview":"max-video-preview:-1"},"canonical":"https:\/\/cafedelespace.com\/index.php\/les-services\/","og_locale":"fr_FR","og_type":"article","og_title":"Les Services &#8212; Le Caf\u00e9 de l&#039;Espace","og_description":"Un bistrot de village Le Caf\u00e9 de l\u2019Espace est un lieu o\u00f9 vous pouvez venir \u00e0 tout moment pour boire un verre, discuter tout en profitant des jeux mis \u00e0 disposition. Tout au long de l\u2019ann\u00e9e sont organis\u00e9es des soir\u00e9es \u00e0 th\u00e8me, des animations pour faire vivre le caf\u00e9 et le village lorsqu\u2019il n\u2019y a &hellip;","og_url":"https:\/\/cafedelespace.com\/index.php\/les-services\/","og_site_name":"Le Caf\u00e9 de l&#039;Espace","article_publisher":"https:\/\/www.facebook.com\/Cafe.de.lEspace\/","article_modified_time":"2026-01-07T16:40:36+00:00","twitter_card":"summary_large_image","twitter_misc":{"Dur\u00e9e de lecture estim\u00e9e":"3 minutes"},"schema":{"@context":"https:\/\/schema.org","@graph":[{"@type":"WebPage","@id":"https:\/\/cafedelespace.com\/index.php\/les-services\/","url":"https:\/\/cafedelespace.com\/index.php\/les-services\/","name":"Les Services &#8212; Le Caf\u00e9 de l&#039;Espace","isPartOf":{"@id":"https:\/\/cafedelespace.com\/#website"},"datePublished":"2020-04-14T07:36:04+00:00","dateModified":"2026-01-07T16:40:36+00:00","breadcrumb":{"@id":"https:\/\/cafedelespace.com\/index.php\/les-services\/#breadcrumb"},"inLanguage":"fr-FR","potentialAction":[{"@type":"ReadAction","target":["https:\/\/cafedelespace.com\/index.php\/les-services\/"]}]},{"@type":"BreadcrumbList","@id":"https:\/\/cafedelespace.com\/index.php\/les-services\/#breadcrumb","itemListElement":[{"@type":"ListItem","position":1,"name":"Accueil","item":"https:\/\/cafedelespace.com\/"},{"@type":"ListItem","position":2,"name":"Les Services"}]},{"@type":"WebSite","@id":"https:\/\/cafedelespace.com\/#website","url":"https:\/\/cafedelespace.com\/","name":"Le Caf\u00e9 de l Espace - Espace Associatif Alain Fauriaux","description":"Espace Associatif Alain Fauriaux","publisher":{"@id":"https:\/\/cafedelespace.com\/#organization"},"potentialAction":[{"@type":"SearchAction","target":{"@type":"EntryPoint","urlTemplate":"https:\/\/cafedelespace.com\/?s={search_term_string}"},"query-input":{"@type":"PropertyValueSpecification","valueRequired":true,"valueName":"search_term_string"}}],"inLanguage":"fr-FR"},{"@type":"Organization","@id":"https:\/\/cafedelespace.com\/#organization","name":"Caf\u00e9 de l'Espace","url":"https:\/\/cafedelespace.com\/","logo":{"@type":"ImageObject","inLanguage":"fr-FR","@id":"https:\/\/cafedelespace.com\/#\/schema\/logo\/image\/","url":"https:\/\/cafedelespace.com\/wp-content\/uploads\/2020\/04\/logo-peinture.png","contentUrl":"https:\/\/cafedelespace.com\/wp-content\/uploads\/2020\/04\/logo-peinture.png","width":500,"height":500,"caption":"Caf\u00e9 de l'Espace"},"image":{"@id":"https:\/\/cafedelespace.com\/#\/schema\/logo\/image\/"},"sameAs":["https:\/\/www.facebook.com\/Cafe.de.lEspace\/"]}]}},"_links":{"self":[{"href":"https:\/\/cafedelespace.com\/index.php\/wp-json\/wp\/v2\/pages\/82","targetHints":{"allow":["GET"]}}],"collection":[{"href":"https:\/\/cafedelespace.com\/index.php\/wp-json\/wp\/v2\/pages"}],"about":[{"href":"https:\/\/cafedelespace.com\/index.php\/wp-json\/wp\/v2\/types\/page"}],"author":[{"embeddable":true,"href":"https:\/\/cafedelespace.com\/index.php\/wp-json\/wp\/v2\/users\/2"}],"replies":[{"embeddable":true,"href":"https:\/\/cafedelespace.com\/index.php\/wp-json\/wp\/v2\/comments?post=82"}],"version-history":[{"count":29,"href":"https:\/\/cafedelespace.com\/index.php\/wp-json\/wp\/v2\/pages\/82\/revisions"}],"predecessor-version":[{"id":2187,"href":"https:\/\/cafedelespace.com\/index.php\/wp-json\/wp\/v2\/pages\/82\/revisions\/2187"}],"wp:attachment":[{"href":"https:\/\/cafedelespace.com\/index.php\/wp-json\/wp\/v2\/media?parent=82"}],"curies":[{"name":"wp","href":"https:\/\/api.w.org\/{rel}","templated":true}]}}