{"id":76,"date":"2020-04-14T09:30:50","date_gmt":"2020-04-14T07:30:50","guid":{"rendered":"http:\/\/cafedelespace.com\/?page_id=76"},"modified":"2025-04-03T10:50:59","modified_gmt":"2025-04-03T08:50:59","slug":"ce-que-nous-defendons","status":"publish","type":"page","link":"https:\/\/cafedelespace.com\/index.php\/les-concerts-a-venir\/ce-que-nous-defendons\/","title":{"rendered":"Ce que nous d\u00e9fendons !"},"content":{"rendered":"\t\t<div data-elementor-type=\"wp-page\" data-elementor-id=\"76\" class=\"elementor elementor-76\">\n\t\t\t\t\t\t<section class=\"elementor-section elementor-top-section elementor-element elementor-element-9eb2d29 elementor-section-boxed elementor-section-height-default elementor-section-height-default\" data-id=\"9eb2d29\" data-element_type=\"section\" data-e-type=\"section\">\n\t\t\t\t\t\t<div class=\"elementor-container elementor-column-gap-default\">\n\t\t\t\t\t<div class=\"elementor-column elementor-col-100 elementor-top-column elementor-element elementor-element-340aece\" data-id=\"340aece\" data-element_type=\"column\" data-e-type=\"column\">\n\t\t\t<div class=\"elementor-widget-wrap elementor-element-populated\">\n\t\t\t\t\t\t<div class=\"elementor-element elementor-element-e7586f8 elementor-widget elementor-widget-text-editor\" data-id=\"e7586f8\" data-element_type=\"widget\" data-e-type=\"widget\" data-widget_type=\"text-editor.default\">\n\t\t\t\t<div class=\"elementor-widget-container\">\n\t\t\t\t\t\t\t\t\t<h4 align=\"justify\"><span style=\"font-family: Arial, sans-serif;\"><span style=\"font-size: medium;\">Salle culturelle et association sociale\u00a0: la sp\u00e9cificit\u00e9 de la structure est d&rsquo;\u00eatre un lieu qui a fait le choix de faire vivre conjointement ces deux pans associatifs et de croire en la force de l\u2019hybridation.<\/span><\/span><\/h4>\t\t\t\t\t\t\t\t<\/div>\n\t\t\t\t<\/div>\n\t\t\t\t\t<\/div>\n\t\t<\/div>\n\t\t\t\t\t<\/div>\n\t\t<\/section>\n\t\t\t\t<section class=\"elementor-section elementor-top-section elementor-element elementor-element-8b92909 elementor-section-boxed elementor-section-height-default elementor-section-height-default\" data-id=\"8b92909\" data-element_type=\"section\" data-e-type=\"section\">\n\t\t\t\t\t\t<div class=\"elementor-container elementor-column-gap-default\">\n\t\t\t\t\t<div class=\"elementor-column elementor-col-100 elementor-top-column elementor-element elementor-element-ed07f32\" data-id=\"ed07f32\" data-element_type=\"column\" data-e-type=\"column\">\n\t\t\t<div class=\"elementor-widget-wrap elementor-element-populated\">\n\t\t\t\t\t\t<section class=\"elementor-section elementor-inner-section elementor-element elementor-element-d05f75f elementor-section-boxed elementor-section-height-default elementor-section-height-default\" data-id=\"d05f75f\" data-element_type=\"section\" data-e-type=\"section\">\n\t\t\t\t\t\t<div class=\"elementor-container elementor-column-gap-default\">\n\t\t\t\t\t<div class=\"elementor-column elementor-col-50 elementor-inner-column elementor-element elementor-element-cf937ac\" data-id=\"cf937ac\" data-element_type=\"column\" data-e-type=\"column\">\n\t\t\t<div class=\"elementor-widget-wrap elementor-element-populated\">\n\t\t\t\t\t\t<div class=\"elementor-element elementor-element-0bc7556 elementor-widget elementor-widget-text-editor\" data-id=\"0bc7556\" data-element_type=\"widget\" data-e-type=\"widget\" data-widget_type=\"text-editor.default\">\n\t\t\t\t<div class=\"elementor-widget-container\">\n\t\t\t\t\t\t\t\t\t<h4 align=\"justify\">D\u00e9fense des droits culturels<\/h4>\n<p align=\"justify\">Pour ses actions culturelles, le Caf\u00e9 de l\u2019Espace ambitionne une <b>d\u00e9mocratie culturelle<\/b> : tout citoyen a des <a href=\"https:\/\/fr.wikipedia.org\/wiki\/Droits_culturels\"><b>droits culturels<\/b><\/a> qui visent \u00e0 garantir \u00e0 chacun la libert\u00e9 de vivre son identit\u00e9 culturelle, comprise comme \u00ab l\u2019ensemble des r\u00e9f\u00e9rences culturelles par lesquelles une personne, seule ou en commun, se d\u00e9finit, se constitue, communique et entend \u00eatre reconnue dans sa dignit\u00e9 \u00bb. <\/span><\/span><\/p>\t\t\t\t\t\t\t\t<\/div>\n\t\t\t\t<\/div>\n\t\t\t\t\t<\/div>\n\t\t<\/div>\n\t\t\t\t<div class=\"elementor-column elementor-col-50 elementor-inner-column elementor-element elementor-element-02e32e9\" data-id=\"02e32e9\" data-element_type=\"column\" data-e-type=\"column\">\n\t\t\t<div class=\"elementor-widget-wrap elementor-element-populated\">\n\t\t\t\t\t\t<div class=\"elementor-element elementor-element-ca916cf elementor-widget elementor-widget-image\" data-id=\"ca916cf\" data-element_type=\"widget\" data-e-type=\"widget\" data-widget_type=\"image.default\">\n\t\t\t\t<div class=\"elementor-widget-container\">\n\t\t\t\t\t\t\t\t\t\t\t\t<figure class=\"wp-caption\">\n\t\t\t\t\t\t\t\t\t\t<img fetchpriority=\"high\" decoding=\"async\" width=\"2560\" height=\"1440\" src=\"https:\/\/cafedelespace.com\/wp-content\/uploads\/2025\/04\/1737639751647-scaled.jpg\" class=\"attachment-full size-full wp-image-1647\" alt=\"\" srcset=\"https:\/\/cafedelespace.com\/wp-content\/uploads\/2025\/04\/1737639751647-scaled.jpg 2560w, https:\/\/cafedelespace.com\/wp-content\/uploads\/2025\/04\/1737639751647-300x169.jpg 300w, https:\/\/cafedelespace.com\/wp-content\/uploads\/2025\/04\/1737639751647-1024x576.jpg 1024w, https:\/\/cafedelespace.com\/wp-content\/uploads\/2025\/04\/1737639751647-768x432.jpg 768w, https:\/\/cafedelespace.com\/wp-content\/uploads\/2025\/04\/1737639751647-1536x864.jpg 1536w, https:\/\/cafedelespace.com\/wp-content\/uploads\/2025\/04\/1737639751647-2048x1152.jpg 2048w, https:\/\/cafedelespace.com\/wp-content\/uploads\/2025\/04\/1737639751647-107x60.jpg 107w\" sizes=\"(max-width: 2560px) 100vw, 2560px\" \/>\t\t\t\t\t\t\t\t\t\t\t<figcaption class=\"widget-image-caption wp-caption-text\">Le groupe Foxhole en mai 2024<\/figcaption>\n\t\t\t\t\t\t\t\t\t\t<\/figure>\n\t\t\t\t\t\t\t\t\t<\/div>\n\t\t\t\t<\/div>\n\t\t\t\t\t<\/div>\n\t\t<\/div>\n\t\t\t\t\t<\/div>\n\t\t<\/section>\n\t\t\t\t\t<\/div>\n\t\t<\/div>\n\t\t\t\t\t<\/div>\n\t\t<\/section>\n\t\t\t\t<section class=\"elementor-section elementor-top-section elementor-element elementor-element-01b2075 elementor-section-boxed elementor-section-height-default elementor-section-height-default\" data-id=\"01b2075\" data-element_type=\"section\" data-e-type=\"section\">\n\t\t\t\t\t\t<div class=\"elementor-container elementor-column-gap-default\">\n\t\t\t\t\t<div class=\"elementor-column elementor-col-100 elementor-top-column elementor-element elementor-element-4256517\" data-id=\"4256517\" data-element_type=\"column\" data-e-type=\"column\">\n\t\t\t<div class=\"elementor-widget-wrap elementor-element-populated\">\n\t\t\t\t\t\t<div class=\"elementor-element elementor-element-187bd20 elementor-widget elementor-widget-text-editor\" data-id=\"187bd20\" data-element_type=\"widget\" data-e-type=\"widget\" data-widget_type=\"text-editor.default\">\n\t\t\t\t<div class=\"elementor-widget-container\">\n\t\t\t\t\t\t\t\t\t<p align=\"justify\">Pour que cette ambition de respect des droits culturels se r\u00e9alise pleinement, il est n\u00e9cessaire de la combiner \u00e0 une v\u00e9ritable prise de pouvoir des citoyens sur les mod\u00e8les culturels, sans \u00e9litisme culturel ou n\u00e9gation de l\u2019autre. Dans cet objectif, la programmation au Caf\u00e9 de l\u2019Espace se construit sans oeill\u00e8res pour favoriser un maximum de rencontres entre les publics et les pratiques, de curiosit\u00e9 pour l\u2019inconnu : <strong>rap, rock, musiques traditionnelles ou classiques, karaok\u00e9, pop, musique \u00e9lectronique, th\u00e9\u00e2tre, marionnettes, etc.<\/strong> <\/span><\/span><\/p>\t\t\t\t\t\t\t\t<\/div>\n\t\t\t\t<\/div>\n\t\t\t\t\t<\/div>\n\t\t<\/div>\n\t\t\t\t\t<\/div>\n\t\t<\/section>\n\t\t\t\t<section class=\"elementor-section elementor-top-section elementor-element elementor-element-3158ff3 elementor-section-boxed elementor-section-height-default elementor-section-height-default\" data-id=\"3158ff3\" data-element_type=\"section\" data-e-type=\"section\">\n\t\t\t\t\t\t<div class=\"elementor-container elementor-column-gap-default\">\n\t\t\t\t\t<div class=\"elementor-column elementor-col-33 elementor-top-column elementor-element elementor-element-1a892b2\" data-id=\"1a892b2\" data-element_type=\"column\" data-e-type=\"column\">\n\t\t\t<div class=\"elementor-widget-wrap elementor-element-populated\">\n\t\t\t\t\t\t<div class=\"elementor-element elementor-element-c6a488b elementor-widget elementor-widget-image\" data-id=\"c6a488b\" data-element_type=\"widget\" data-e-type=\"widget\" data-widget_type=\"image.default\">\n\t\t\t\t<div class=\"elementor-widget-container\">\n\t\t\t\t\t\t\t\t\t\t\t\t<figure class=\"wp-caption\">\n\t\t\t\t\t\t\t\t\t\t<img decoding=\"async\" width=\"790\" height=\"444\" src=\"https:\/\/cafedelespace.com\/wp-content\/uploads\/2025\/04\/1743608092774-1024x576.jpg\" class=\"attachment-large size-large wp-image-1652\" alt=\"\" srcset=\"https:\/\/cafedelespace.com\/wp-content\/uploads\/2025\/04\/1743608092774-1024x576.jpg 1024w, https:\/\/cafedelespace.com\/wp-content\/uploads\/2025\/04\/1743608092774-300x169.jpg 300w, https:\/\/cafedelespace.com\/wp-content\/uploads\/2025\/04\/1743608092774-768x432.jpg 768w, https:\/\/cafedelespace.com\/wp-content\/uploads\/2025\/04\/1743608092774-1536x864.jpg 1536w, https:\/\/cafedelespace.com\/wp-content\/uploads\/2025\/04\/1743608092774-2048x1152.jpg 2048w, https:\/\/cafedelespace.com\/wp-content\/uploads\/2025\/04\/1743608092774-107x60.jpg 107w\" sizes=\"(max-width: 790px) 100vw, 790px\" \/>\t\t\t\t\t\t\t\t\t\t\t<figcaption class=\"widget-image-caption wp-caption-text\">Le groupe Que Tengo en concert de sortie de r\u00e9sidence Archipel en d\u00e9cembre 2024<\/figcaption>\n\t\t\t\t\t\t\t\t\t\t<\/figure>\n\t\t\t\t\t\t\t\t\t<\/div>\n\t\t\t\t<\/div>\n\t\t\t\t\t<\/div>\n\t\t<\/div>\n\t\t\t\t<div class=\"elementor-column elementor-col-66 elementor-top-column elementor-element elementor-element-849d899\" data-id=\"849d899\" data-element_type=\"column\" data-e-type=\"column\">\n\t\t\t<div class=\"elementor-widget-wrap elementor-element-populated\">\n\t\t\t\t\t\t<div class=\"elementor-element elementor-element-3674f4d elementor-widget elementor-widget-text-editor\" data-id=\"3674f4d\" data-element_type=\"widget\" data-e-type=\"widget\" data-widget_type=\"text-editor.default\">\n\t\t\t\t<div class=\"elementor-widget-container\">\n\t\t\t\t\t\t\t\t\t<p align=\"justify\">Le Caf\u00e9 de l\u2019Espace favorise \u00e9galement les rencontres artistiques en mettant en place des r\u00e9sidences d\u2019artistes, en partenariat avec L&rsquo;Archipel notamment, pendant lesquelles des ateliers avec les habitants et\/ou \u00e0 l\u2019\u00e9cole du village sont organis\u00e9es.<\/p>\t\t\t\t\t\t\t\t<\/div>\n\t\t\t\t<\/div>\n\t\t\t\t\t<\/div>\n\t\t<\/div>\n\t\t\t\t\t<\/div>\n\t\t<\/section>\n\t\t\t\t<\/div>\n\t\t","protected":false},"excerpt":{"rendered":"<p>Salle culturelle et association sociale\u00a0: la sp\u00e9cificit\u00e9 de la structure est d&rsquo;\u00eatre un lieu qui a fait le choix de faire vivre conjointement ces deux pans associatifs et de croire en la force de l\u2019hybridation. D\u00e9fense des droits culturels Pour ses actions culturelles, le Caf\u00e9 de l\u2019Espace ambitionne une d\u00e9mocratie culturelle : tout citoyen a &hellip; <\/p>\n","protected":false},"author":2,"featured_media":0,"parent":10,"menu_order":0,"comment_status":"closed","ping_status":"closed","template":"","meta":{"footnotes":""},"class_list":["post-76","page","type-page","status-publish","hentry","latest_post"],"yoast_head":"<!-- This site is optimized with the Yoast SEO plugin v27.2 - https:\/\/yoast.com\/product\/yoast-seo-wordpress\/ -->\n<title>Ce que nous d\u00e9fendons ! &#8212; Le Caf\u00e9 de l&#039;Espace<\/title>\n<meta name=\"robots\" content=\"index, follow, max-snippet:-1, max-image-preview:large, max-video-preview:-1\" \/>\n<link rel=\"canonical\" href=\"https:\/\/cafedelespace.com\/index.php\/les-concerts-a-venir\/ce-que-nous-defendons\/\" \/>\n<meta property=\"og:locale\" content=\"fr_FR\" \/>\n<meta property=\"og:type\" content=\"article\" \/>\n<meta property=\"og:title\" content=\"Ce que nous d\u00e9fendons ! &#8212; Le Caf\u00e9 de l&#039;Espace\" \/>\n<meta property=\"og:description\" content=\"Salle culturelle et association sociale\u00a0: la sp\u00e9cificit\u00e9 de la structure est d&rsquo;\u00eatre un lieu qui a fait le choix de faire vivre conjointement ces deux pans associatifs et de croire en la force de l\u2019hybridation. D\u00e9fense des droits culturels Pour ses actions culturelles, le Caf\u00e9 de l\u2019Espace ambitionne une d\u00e9mocratie culturelle : tout citoyen a &hellip;\" \/>\n<meta property=\"og:url\" content=\"https:\/\/cafedelespace.com\/index.php\/les-concerts-a-venir\/ce-que-nous-defendons\/\" \/>\n<meta property=\"og:site_name\" content=\"Le Caf\u00e9 de l&#039;Espace\" \/>\n<meta property=\"article:publisher\" content=\"https:\/\/www.facebook.com\/Cafe.de.lEspace\/\" \/>\n<meta property=\"article:modified_time\" content=\"2025-04-03T08:50:59+00:00\" \/>\n<meta property=\"og:image\" content=\"http:\/\/cafedelespace.com\/wp-content\/uploads\/2025\/04\/1737639751647-scaled.jpg\" \/>\n<meta name=\"twitter:card\" content=\"summary_large_image\" \/>\n<meta name=\"twitter:label1\" content=\"Dur\u00e9e de lecture estim\u00e9e\" \/>\n\t<meta name=\"twitter:data1\" content=\"1 minute\" \/>\n<script type=\"application\/ld+json\" class=\"yoast-schema-graph\">{\"@context\":\"https:\/\/schema.org\",\"@graph\":[{\"@type\":\"WebPage\",\"@id\":\"https:\/\/cafedelespace.com\/index.php\/les-concerts-a-venir\/ce-que-nous-defendons\/\",\"url\":\"https:\/\/cafedelespace.com\/index.php\/les-concerts-a-venir\/ce-que-nous-defendons\/\",\"name\":\"Ce que nous d\u00e9fendons ! &#8212; Le Caf\u00e9 de l&#039;Espace\",\"isPartOf\":{\"@id\":\"https:\/\/cafedelespace.com\/#website\"},\"primaryImageOfPage\":{\"@id\":\"https:\/\/cafedelespace.com\/index.php\/les-concerts-a-venir\/ce-que-nous-defendons\/#primaryimage\"},\"image\":{\"@id\":\"https:\/\/cafedelespace.com\/index.php\/les-concerts-a-venir\/ce-que-nous-defendons\/#primaryimage\"},\"thumbnailUrl\":\"http:\/\/cafedelespace.com\/wp-content\/uploads\/2025\/04\/1737639751647-scaled.jpg\",\"datePublished\":\"2020-04-14T07:30:50+00:00\",\"dateModified\":\"2025-04-03T08:50:59+00:00\",\"breadcrumb\":{\"@id\":\"https:\/\/cafedelespace.com\/index.php\/les-concerts-a-venir\/ce-que-nous-defendons\/#breadcrumb\"},\"inLanguage\":\"fr-FR\",\"potentialAction\":[{\"@type\":\"ReadAction\",\"target\":[\"https:\/\/cafedelespace.com\/index.php\/les-concerts-a-venir\/ce-que-nous-defendons\/\"]}]},{\"@type\":\"ImageObject\",\"inLanguage\":\"fr-FR\",\"@id\":\"https:\/\/cafedelespace.com\/index.php\/les-concerts-a-venir\/ce-que-nous-defendons\/#primaryimage\",\"url\":\"https:\/\/cafedelespace.com\/wp-content\/uploads\/2025\/04\/1737639751647-scaled.jpg\",\"contentUrl\":\"https:\/\/cafedelespace.com\/wp-content\/uploads\/2025\/04\/1737639751647-scaled.jpg\",\"width\":2560,\"height\":1440,\"caption\":\"Le groupe Foxhole en mai 2024\"},{\"@type\":\"BreadcrumbList\",\"@id\":\"https:\/\/cafedelespace.com\/index.php\/les-concerts-a-venir\/ce-que-nous-defendons\/#breadcrumb\",\"itemListElement\":[{\"@type\":\"ListItem\",\"position\":1,\"name\":\"Accueil\",\"item\":\"https:\/\/cafedelespace.com\/\"},{\"@type\":\"ListItem\",\"position\":2,\"name\":\"Caf\u00e9 Concert\",\"item\":\"https:\/\/cafedelespace.com\/index.php\/les-concerts-a-venir\/\"},{\"@type\":\"ListItem\",\"position\":3,\"name\":\"Ce que nous d\u00e9fendons !\"}]},{\"@type\":\"WebSite\",\"@id\":\"https:\/\/cafedelespace.com\/#website\",\"url\":\"https:\/\/cafedelespace.com\/\",\"name\":\"Le Caf\u00e9 de l Espace - Espace Associatif Alain Fauriaux\",\"description\":\"Espace Associatif Alain Fauriaux\",\"publisher\":{\"@id\":\"https:\/\/cafedelespace.com\/#organization\"},\"potentialAction\":[{\"@type\":\"SearchAction\",\"target\":{\"@type\":\"EntryPoint\",\"urlTemplate\":\"https:\/\/cafedelespace.com\/?s={search_term_string}\"},\"query-input\":{\"@type\":\"PropertyValueSpecification\",\"valueRequired\":true,\"valueName\":\"search_term_string\"}}],\"inLanguage\":\"fr-FR\"},{\"@type\":\"Organization\",\"@id\":\"https:\/\/cafedelespace.com\/#organization\",\"name\":\"Caf\u00e9 de l'Espace\",\"url\":\"https:\/\/cafedelespace.com\/\",\"logo\":{\"@type\":\"ImageObject\",\"inLanguage\":\"fr-FR\",\"@id\":\"https:\/\/cafedelespace.com\/#\/schema\/logo\/image\/\",\"url\":\"https:\/\/cafedelespace.com\/wp-content\/uploads\/2020\/04\/logo-peinture.png\",\"contentUrl\":\"https:\/\/cafedelespace.com\/wp-content\/uploads\/2020\/04\/logo-peinture.png\",\"width\":500,\"height\":500,\"caption\":\"Caf\u00e9 de l'Espace\"},\"image\":{\"@id\":\"https:\/\/cafedelespace.com\/#\/schema\/logo\/image\/\"},\"sameAs\":[\"https:\/\/www.facebook.com\/Cafe.de.lEspace\/\"]}]}<\/script>\n<!-- \/ Yoast SEO plugin. -->","yoast_head_json":{"title":"Ce que nous d\u00e9fendons ! &#8212; Le Caf\u00e9 de l&#039;Espace","robots":{"index":"index","follow":"follow","max-snippet":"max-snippet:-1","max-image-preview":"max-image-preview:large","max-video-preview":"max-video-preview:-1"},"canonical":"https:\/\/cafedelespace.com\/index.php\/les-concerts-a-venir\/ce-que-nous-defendons\/","og_locale":"fr_FR","og_type":"article","og_title":"Ce que nous d\u00e9fendons ! &#8212; Le Caf\u00e9 de l&#039;Espace","og_description":"Salle culturelle et association sociale\u00a0: la sp\u00e9cificit\u00e9 de la structure est d&rsquo;\u00eatre un lieu qui a fait le choix de faire vivre conjointement ces deux pans associatifs et de croire en la force de l\u2019hybridation. D\u00e9fense des droits culturels Pour ses actions culturelles, le Caf\u00e9 de l\u2019Espace ambitionne une d\u00e9mocratie culturelle : tout citoyen a &hellip;","og_url":"https:\/\/cafedelespace.com\/index.php\/les-concerts-a-venir\/ce-que-nous-defendons\/","og_site_name":"Le Caf\u00e9 de l&#039;Espace","article_publisher":"https:\/\/www.facebook.com\/Cafe.de.lEspace\/","article_modified_time":"2025-04-03T08:50:59+00:00","og_image":[{"url":"http:\/\/cafedelespace.com\/wp-content\/uploads\/2025\/04\/1737639751647-scaled.jpg","type":"","width":"","height":""}],"twitter_card":"summary_large_image","twitter_misc":{"Dur\u00e9e de lecture estim\u00e9e":"1 minute"},"schema":{"@context":"https:\/\/schema.org","@graph":[{"@type":"WebPage","@id":"https:\/\/cafedelespace.com\/index.php\/les-concerts-a-venir\/ce-que-nous-defendons\/","url":"https:\/\/cafedelespace.com\/index.php\/les-concerts-a-venir\/ce-que-nous-defendons\/","name":"Ce que nous d\u00e9fendons ! &#8212; Le Caf\u00e9 de l&#039;Espace","isPartOf":{"@id":"https:\/\/cafedelespace.com\/#website"},"primaryImageOfPage":{"@id":"https:\/\/cafedelespace.com\/index.php\/les-concerts-a-venir\/ce-que-nous-defendons\/#primaryimage"},"image":{"@id":"https:\/\/cafedelespace.com\/index.php\/les-concerts-a-venir\/ce-que-nous-defendons\/#primaryimage"},"thumbnailUrl":"http:\/\/cafedelespace.com\/wp-content\/uploads\/2025\/04\/1737639751647-scaled.jpg","datePublished":"2020-04-14T07:30:50+00:00","dateModified":"2025-04-03T08:50:59+00:00","breadcrumb":{"@id":"https:\/\/cafedelespace.com\/index.php\/les-concerts-a-venir\/ce-que-nous-defendons\/#breadcrumb"},"inLanguage":"fr-FR","potentialAction":[{"@type":"ReadAction","target":["https:\/\/cafedelespace.com\/index.php\/les-concerts-a-venir\/ce-que-nous-defendons\/"]}]},{"@type":"ImageObject","inLanguage":"fr-FR","@id":"https:\/\/cafedelespace.com\/index.php\/les-concerts-a-venir\/ce-que-nous-defendons\/#primaryimage","url":"https:\/\/cafedelespace.com\/wp-content\/uploads\/2025\/04\/1737639751647-scaled.jpg","contentUrl":"https:\/\/cafedelespace.com\/wp-content\/uploads\/2025\/04\/1737639751647-scaled.jpg","width":2560,"height":1440,"caption":"Le groupe Foxhole en mai 2024"},{"@type":"BreadcrumbList","@id":"https:\/\/cafedelespace.com\/index.php\/les-concerts-a-venir\/ce-que-nous-defendons\/#breadcrumb","itemListElement":[{"@type":"ListItem","position":1,"name":"Accueil","item":"https:\/\/cafedelespace.com\/"},{"@type":"ListItem","position":2,"name":"Caf\u00e9 Concert","item":"https:\/\/cafedelespace.com\/index.php\/les-concerts-a-venir\/"},{"@type":"ListItem","position":3,"name":"Ce que nous d\u00e9fendons !"}]},{"@type":"WebSite","@id":"https:\/\/cafedelespace.com\/#website","url":"https:\/\/cafedelespace.com\/","name":"Le Caf\u00e9 de l Espace - Espace Associatif Alain Fauriaux","description":"Espace Associatif Alain Fauriaux","publisher":{"@id":"https:\/\/cafedelespace.com\/#organization"},"potentialAction":[{"@type":"SearchAction","target":{"@type":"EntryPoint","urlTemplate":"https:\/\/cafedelespace.com\/?s={search_term_string}"},"query-input":{"@type":"PropertyValueSpecification","valueRequired":true,"valueName":"search_term_string"}}],"inLanguage":"fr-FR"},{"@type":"Organization","@id":"https:\/\/cafedelespace.com\/#organization","name":"Caf\u00e9 de l'Espace","url":"https:\/\/cafedelespace.com\/","logo":{"@type":"ImageObject","inLanguage":"fr-FR","@id":"https:\/\/cafedelespace.com\/#\/schema\/logo\/image\/","url":"https:\/\/cafedelespace.com\/wp-content\/uploads\/2020\/04\/logo-peinture.png","contentUrl":"https:\/\/cafedelespace.com\/wp-content\/uploads\/2020\/04\/logo-peinture.png","width":500,"height":500,"caption":"Caf\u00e9 de l'Espace"},"image":{"@id":"https:\/\/cafedelespace.com\/#\/schema\/logo\/image\/"},"sameAs":["https:\/\/www.facebook.com\/Cafe.de.lEspace\/"]}]}},"_links":{"self":[{"href":"https:\/\/cafedelespace.com\/index.php\/wp-json\/wp\/v2\/pages\/76","targetHints":{"allow":["GET"]}}],"collection":[{"href":"https:\/\/cafedelespace.com\/index.php\/wp-json\/wp\/v2\/pages"}],"about":[{"href":"https:\/\/cafedelespace.com\/index.php\/wp-json\/wp\/v2\/types\/page"}],"author":[{"embeddable":true,"href":"https:\/\/cafedelespace.com\/index.php\/wp-json\/wp\/v2\/users\/2"}],"replies":[{"embeddable":true,"href":"https:\/\/cafedelespace.com\/index.php\/wp-json\/wp\/v2\/comments?post=76"}],"version-history":[{"count":17,"href":"https:\/\/cafedelespace.com\/index.php\/wp-json\/wp\/v2\/pages\/76\/revisions"}],"predecessor-version":[{"id":1662,"href":"https:\/\/cafedelespace.com\/index.php\/wp-json\/wp\/v2\/pages\/76\/revisions\/1662"}],"up":[{"embeddable":true,"href":"https:\/\/cafedelespace.com\/index.php\/wp-json\/wp\/v2\/pages\/10"}],"wp:attachment":[{"href":"https:\/\/cafedelespace.com\/index.php\/wp-json\/wp\/v2\/media?parent=76"}],"curies":[{"name":"wp","href":"https:\/\/api.w.org\/{rel}","templated":true}]}}