{"id":1929,"date":"2025-06-17T16:44:47","date_gmt":"2025-06-17T14:44:47","guid":{"rendered":"https:\/\/cafedelespace.com\/?page_id=1929"},"modified":"2026-01-09T15:56:22","modified_gmt":"2026-01-09T14:56:22","slug":"temps-forts","status":"publish","type":"page","link":"https:\/\/cafedelespace.com\/index.php\/temps-forts\/","title":{"rendered":"Temps forts"},"content":{"rendered":"\t\t<div data-elementor-type=\"wp-page\" data-elementor-id=\"1929\" class=\"elementor elementor-1929\">\n\t\t\t\t\t\t<section class=\"elementor-section elementor-top-section elementor-element elementor-element-f4e537a elementor-section-boxed elementor-section-height-default elementor-section-height-default\" data-id=\"f4e537a\" data-element_type=\"section\" data-e-type=\"section\">\n\t\t\t\t\t\t<div class=\"elementor-container elementor-column-gap-default\">\n\t\t\t\t\t<div class=\"elementor-column elementor-col-100 elementor-top-column elementor-element elementor-element-406c1d6\" data-id=\"406c1d6\" data-element_type=\"column\" data-e-type=\"column\">\n\t\t\t<div class=\"elementor-widget-wrap\">\n\t\t\t\t\t\t\t<\/div>\n\t\t<\/div>\n\t\t\t\t\t<\/div>\n\t\t<\/section>\n\t\t\t\t<section class=\"elementor-section elementor-top-section elementor-element elementor-element-6d7f3c9 elementor-section-boxed elementor-section-height-default elementor-section-height-default\" data-id=\"6d7f3c9\" data-element_type=\"section\" data-e-type=\"section\">\n\t\t\t\t\t\t<div class=\"elementor-container elementor-column-gap-default\">\n\t\t\t\t\t<div class=\"elementor-column elementor-col-100 elementor-top-column elementor-element elementor-element-a1586c4\" data-id=\"a1586c4\" data-element_type=\"column\" data-e-type=\"column\">\n\t\t\t<div class=\"elementor-widget-wrap elementor-element-populated\">\n\t\t\t\t\t\t<div class=\"elementor-element elementor-element-eb07409 elementor-widget elementor-widget-heading\" data-id=\"eb07409\" data-element_type=\"widget\" data-e-type=\"widget\" data-widget_type=\"heading.default\">\n\t\t\t\t<div class=\"elementor-widget-container\">\n\t\t\t\t\t<h2 class=\"elementor-heading-title elementor-size-default\">Mini Festoch dans l'Espace<\/h2>\t\t\t\t<\/div>\n\t\t\t\t<\/div>\n\t\t\t\t<div class=\"elementor-element elementor-element-2b397c5 elementor-widget elementor-widget-text-editor\" data-id=\"2b397c5\" data-element_type=\"widget\" data-e-type=\"widget\" data-widget_type=\"text-editor.default\">\n\t\t\t\t<div class=\"elementor-widget-container\">\n\t\t\t\t\t\t\t\t\t<p>Temps fort de l&rsquo;association, le Mini Festoch dans l&rsquo;Espace est un rendez-vous incontournable du Caf\u00e9 de l&rsquo;Espace !! Il se d\u00e9roule chaque ann\u00e9e au mois de juin.<\/p>\n<p><span style=\"color: #000000; font-weight: 400; font-style: normal; font-kerning: none;\">L&rsquo;occasion de se retrouver et de partager musique, spectacles et animations ensemble. <\/span><span style=\"color: #000000; font-weight: bold; font-style: normal; font-kerning: none;\">En 2024, le Mini Festoch&rsquo; a rassembl\u00e9 plus de 300 personnes<\/span><span style=\"color: #000000; font-weight: 400; font-style: normal; font-kerning: none;\"> avec une programmation allant de la chanson au rock, en passant par la musique \u00e9lectronique, des spectacles et ateliers pour tous mais aussi un march\u00e9 de producteurs et cr\u00e9ateurs en journ\u00e9e !<\/span><\/p>\t\t\t\t\t\t\t\t<\/div>\n\t\t\t\t<\/div>\n\t\t\t\t<div class=\"elementor-element elementor-element-8c3e6a9 elementor-widget elementor-widget-image\" data-id=\"8c3e6a9\" data-element_type=\"widget\" data-e-type=\"widget\" data-widget_type=\"image.default\">\n\t\t\t\t<div class=\"elementor-widget-container\">\n\t\t\t\t\t\t\t\t\t\t\t\t\t\t\t<img fetchpriority=\"high\" decoding=\"async\" width=\"768\" height=\"384\" src=\"https:\/\/cafedelespace.com\/wp-content\/uploads\/2026\/01\/banniere-mini-festoch-768x384.png\" class=\"attachment-medium_large size-medium_large wp-image-2339\" alt=\"\" srcset=\"https:\/\/cafedelespace.com\/wp-content\/uploads\/2026\/01\/banniere-mini-festoch-768x384.png 768w, https:\/\/cafedelespace.com\/wp-content\/uploads\/2026\/01\/banniere-mini-festoch-300x150.png 300w, https:\/\/cafedelespace.com\/wp-content\/uploads\/2026\/01\/banniere-mini-festoch-1024x512.png 1024w, https:\/\/cafedelespace.com\/wp-content\/uploads\/2026\/01\/banniere-mini-festoch-1536x768.png 1536w, https:\/\/cafedelespace.com\/wp-content\/uploads\/2026\/01\/banniere-mini-festoch-2048x1024.png 2048w, https:\/\/cafedelespace.com\/wp-content\/uploads\/2026\/01\/banniere-mini-festoch-1303x650.png 1303w, https:\/\/cafedelespace.com\/wp-content\/uploads\/2026\/01\/banniere-mini-festoch-120x60.png 120w\" sizes=\"(max-width: 768px) 100vw, 768px\" \/>\t\t\t\t\t\t\t\t\t\t\t\t\t\t\t<\/div>\n\t\t\t\t<\/div>\n\t\t\t\t\t<\/div>\n\t\t<\/div>\n\t\t\t\t\t<\/div>\n\t\t<\/section>\n\t\t\t\t<section class=\"elementor-section elementor-top-section elementor-element elementor-element-3be5f5e elementor-section-boxed elementor-section-height-default elementor-section-height-default\" data-id=\"3be5f5e\" data-element_type=\"section\" data-e-type=\"section\">\n\t\t\t\t\t\t<div class=\"elementor-container elementor-column-gap-default\">\n\t\t\t\t\t<div class=\"elementor-column elementor-col-100 elementor-top-column elementor-element elementor-element-85da482\" data-id=\"85da482\" data-element_type=\"column\" data-e-type=\"column\">\n\t\t\t<div class=\"elementor-widget-wrap elementor-element-populated\">\n\t\t\t\t\t\t<div class=\"elementor-element elementor-element-59393c3 elementor-widget elementor-widget-heading\" data-id=\"59393c3\" data-element_type=\"widget\" data-e-type=\"widget\" data-widget_type=\"heading.default\">\n\t\t\t\t<div class=\"elementor-widget-container\">\n\t\t\t\t\t<h2 class=\"elementor-heading-title elementor-size-default\">Festival de BD \"Des Bulles dans l'Espace\"<\/h2>\t\t\t\t<\/div>\n\t\t\t\t<\/div>\n\t\t\t\t<div class=\"elementor-element elementor-element-e626a68 elementor-widget elementor-widget-text-editor\" data-id=\"e626a68\" data-element_type=\"widget\" data-e-type=\"widget\" data-widget_type=\"text-editor.default\">\n\t\t\t\t<div class=\"elementor-widget-container\">\n\t\t\t\t\t\t\t\t\t<p>Port\u00e9 depuis 3 ans par les associations Caf\u00e9 de l&rsquo;Espace et La Limou&rsquo;zine, librairie itin\u00e9rante, le festival de BD \u00ab\u00a0Des bulles dans l&rsquo;Espace\u00a0\u00bb est consacr\u00e9 \u00e0 la bande dessin\u00e9e, et propose des rencontres avec les auteurs, des tables rondes, des s\u00e9ances de d\u00e9dicaces mais aussi un concert dessin\u00e9 pour terminer la journ\u00e9e en beaut\u00e9 !<\/p><p>Le d\u00e9sormais c\u00e9l\u00e8bre festival de BD unique en Creuse est de retour en 2026 pour la 4\u00e8me \u00e9dition. Cette ann\u00e9e, le festival des Bulles dans l&rsquo;Espace se tiendra le 27 et le 28 f\u00e9vrier et le programme est immanquable. Soir\u00e9e d&rsquo;ouverture le vendredi 27 f\u00e9vrier en fin d&rsquo;apr\u00e8s-midi \u00e0 la m\u00e9diath\u00e8que de Felletin et rencontre avec Aude Mermilliod, l&rsquo;invit\u00e9e d&rsquo;honneur de cette \u00e9dition. Le samedi 28 f\u00e9vrier \u00e0 partir de 10h, au Caf\u00e9 de l&rsquo;Espace \u00e0 Flayat. La journ\u00e9e s&rsquo;organisera entre les expositions, les d\u00e9dicaces et les tables rondes des onze auteur.ices <a href=\"http:\/\/xn--prsent-cva.es\" target=\"_blank\" rel=\"noopener\" data-saferedirecturl=\"https:\/\/www.google.com\/url?q=http:\/\/xn--prsent-cva.es&amp;source=gmail&amp;ust=1768053250285000&amp;usg=AOvVaw3feSilUtXMbUbZbpO37fCL\">pr\u00e9sent.es<\/a> : Agn\u00e8s Debacker, Jika, Otto.T., Fano Loco, L\u00e9non, Silki, Robin Cousin, Allan Barte, Mathieu Sapin, Aude Mermilliod. L&rsquo;\u00e9v\u00e8nement se cl\u00f4turera en soir\u00e9e avec le concert dessin\u00e9 de Benjamin Flao et Watchdog. Toujours une entr\u00e9e \u00e0 prix libre et conscient et petite restauration. Programme d\u00e9taill\u00e9 prochainement sur Facebook et Instagram @desbullesdanslespace<\/p>\t\t\t\t\t\t\t\t<\/div>\n\t\t\t\t<\/div>\n\t\t\t\t<div class=\"elementor-element elementor-element-94e5432 elementor-widget elementor-widget-image\" data-id=\"94e5432\" data-element_type=\"widget\" data-e-type=\"widget\" data-widget_type=\"image.default\">\n\t\t\t\t<div class=\"elementor-widget-container\">\n\t\t\t\t\t\t\t\t\t\t\t\t\t\t\t<img decoding=\"async\" width=\"768\" height=\"384\" src=\"https:\/\/cafedelespace.com\/wp-content\/uploads\/2026\/01\/banniere-bd-768x384.png\" class=\"attachment-medium_large size-medium_large wp-image-2340\" alt=\"\" srcset=\"https:\/\/cafedelespace.com\/wp-content\/uploads\/2026\/01\/banniere-bd-768x384.png 768w, https:\/\/cafedelespace.com\/wp-content\/uploads\/2026\/01\/banniere-bd-300x150.png 300w, https:\/\/cafedelespace.com\/wp-content\/uploads\/2026\/01\/banniere-bd-1024x512.png 1024w, https:\/\/cafedelespace.com\/wp-content\/uploads\/2026\/01\/banniere-bd-1536x768.png 1536w, https:\/\/cafedelespace.com\/wp-content\/uploads\/2026\/01\/banniere-bd-2048x1024.png 2048w, https:\/\/cafedelespace.com\/wp-content\/uploads\/2026\/01\/banniere-bd-1303x650.png 1303w, https:\/\/cafedelespace.com\/wp-content\/uploads\/2026\/01\/banniere-bd-120x60.png 120w\" sizes=\"(max-width: 768px) 100vw, 768px\" \/>\t\t\t\t\t\t\t\t\t\t\t\t\t\t\t<\/div>\n\t\t\t\t<\/div>\n\t\t\t\t\t<\/div>\n\t\t<\/div>\n\t\t\t\t\t<\/div>\n\t\t<\/section>\n\t\t\t\t<section class=\"elementor-section elementor-top-section elementor-element elementor-element-4b0f47b elementor-section-boxed elementor-section-height-default elementor-section-height-default\" data-id=\"4b0f47b\" data-element_type=\"section\" data-e-type=\"section\">\n\t\t\t\t\t\t<div class=\"elementor-container elementor-column-gap-default\">\n\t\t\t\t\t<div class=\"elementor-column elementor-col-100 elementor-top-column elementor-element elementor-element-b8a759e\" data-id=\"b8a759e\" data-element_type=\"column\" data-e-type=\"column\">\n\t\t\t<div class=\"elementor-widget-wrap elementor-element-populated\">\n\t\t\t\t\t\t<div class=\"elementor-element elementor-element-46a4113 elementor-widget elementor-widget-heading\" data-id=\"46a4113\" data-element_type=\"widget\" data-e-type=\"widget\" data-widget_type=\"heading.default\">\n\t\t\t\t<div class=\"elementor-widget-container\">\n\t\t\t\t\t<h2 class=\"elementor-heading-title elementor-size-default\">Carnaval de Flayat<\/h2>\t\t\t\t<\/div>\n\t\t\t\t<\/div>\n\t\t\t\t<section class=\"elementor-section elementor-inner-section elementor-element elementor-element-1de343b elementor-section-boxed elementor-section-height-default elementor-section-height-default\" data-id=\"1de343b\" data-element_type=\"section\" data-e-type=\"section\">\n\t\t\t\t\t\t<div class=\"elementor-container elementor-column-gap-default\">\n\t\t\t\t\t<div class=\"elementor-column elementor-col-50 elementor-inner-column elementor-element elementor-element-7eb787f\" data-id=\"7eb787f\" data-element_type=\"column\" data-e-type=\"column\">\n\t\t\t<div class=\"elementor-widget-wrap elementor-element-populated\">\n\t\t\t\t\t\t<div class=\"elementor-element elementor-element-ff4d5d5 elementor-widget elementor-widget-image\" data-id=\"ff4d5d5\" data-element_type=\"widget\" data-e-type=\"widget\" data-widget_type=\"image.default\">\n\t\t\t\t<div class=\"elementor-widget-container\">\n\t\t\t\t\t\t\t\t\t\t\t\t\t\t\t<img decoding=\"async\" width=\"790\" height=\"527\" src=\"https:\/\/cafedelespace.com\/wp-content\/uploads\/2026\/01\/1-7-1024x683.jpg\" class=\"attachment-large size-large wp-image-2256\" alt=\"\" srcset=\"https:\/\/cafedelespace.com\/wp-content\/uploads\/2026\/01\/1-7-1024x683.jpg 1024w, https:\/\/cafedelespace.com\/wp-content\/uploads\/2026\/01\/1-7-300x200.jpg 300w, https:\/\/cafedelespace.com\/wp-content\/uploads\/2026\/01\/1-7-768x512.jpg 768w, https:\/\/cafedelespace.com\/wp-content\/uploads\/2026\/01\/1-7-1536x1024.jpg 1536w, https:\/\/cafedelespace.com\/wp-content\/uploads\/2026\/01\/1-7-2048x1365.jpg 2048w, https:\/\/cafedelespace.com\/wp-content\/uploads\/2026\/01\/1-7-90x60.jpg 90w, https:\/\/cafedelespace.com\/wp-content\/uploads\/2026\/01\/1-7-374x249.jpg 374w\" sizes=\"(max-width: 790px) 100vw, 790px\" \/>\t\t\t\t\t\t\t\t\t\t\t\t\t\t\t<\/div>\n\t\t\t\t<\/div>\n\t\t\t\t\t<\/div>\n\t\t<\/div>\n\t\t\t\t<div class=\"elementor-column elementor-col-50 elementor-inner-column elementor-element elementor-element-8838369\" data-id=\"8838369\" data-element_type=\"column\" data-e-type=\"column\">\n\t\t\t<div class=\"elementor-widget-wrap elementor-element-populated\">\n\t\t\t\t\t\t<div class=\"elementor-element elementor-element-f5fae28 elementor-widget elementor-widget-text-editor\" data-id=\"f5fae28\" data-element_type=\"widget\" data-e-type=\"widget\" data-widget_type=\"text-editor.default\">\n\t\t\t\t<div class=\"elementor-widget-container\">\n\t\t\t\t\t\t\t\t\t<p>Chaque ann\u00e9e, le Caf\u00e9 de l&rsquo;Espace participe \u00e0 l&rsquo;organisation du Carnaval de Flayat avec l&rsquo;ensemble des associations flayatoises et la Mairie de Flayat. Ouvert \u00e0 tous, petits et grands, c&rsquo;est l&rsquo;occasion de rev\u00eatir son plus beau d\u00e9guisement pour d\u00e9filer dans les rues de Flayat accompagn\u00e9s en musique par une batucada, d&rsquo;assister \u00e0 l&rsquo;enflammement de Monsieur Carnval par les archers flayatois, puis de revenir faire le go\u00fbter au Caf\u00e9 de l&rsquo;Espace avec l&rsquo;association Les Gen\u00eats d&rsquo;Or!<\/p>\t\t\t\t\t\t\t\t<\/div>\n\t\t\t\t<\/div>\n\t\t\t\t\t<\/div>\n\t\t<\/div>\n\t\t\t\t\t<\/div>\n\t\t<\/section>\n\t\t\t\t\t<\/div>\n\t\t<\/div>\n\t\t\t\t\t<\/div>\n\t\t<\/section>\n\t\t\t\t<section class=\"elementor-section elementor-top-section elementor-element elementor-element-4e001e4 elementor-section-boxed elementor-section-height-default elementor-section-height-default\" data-id=\"4e001e4\" data-element_type=\"section\" data-e-type=\"section\">\n\t\t\t\t\t\t<div class=\"elementor-container elementor-column-gap-default\">\n\t\t\t\t\t<div class=\"elementor-column elementor-col-100 elementor-top-column elementor-element elementor-element-0403650\" data-id=\"0403650\" data-element_type=\"column\" data-e-type=\"column\">\n\t\t\t<div class=\"elementor-widget-wrap elementor-element-populated\">\n\t\t\t\t\t\t<div class=\"elementor-element elementor-element-d7785ce elementor-widget elementor-widget-heading\" data-id=\"d7785ce\" data-element_type=\"widget\" data-e-type=\"widget\" data-widget_type=\"heading.default\">\n\t\t\t\t<div class=\"elementor-widget-container\">\n\t\t\t\t\t<h2 class=\"elementor-heading-title elementor-size-default\">La Soir\u00e9e Plage<\/h2>\t\t\t\t<\/div>\n\t\t\t\t<\/div>\n\t\t\t\t<section class=\"elementor-section elementor-inner-section elementor-element elementor-element-600d6a9 elementor-section-boxed elementor-section-height-default elementor-section-height-default\" data-id=\"600d6a9\" data-element_type=\"section\" data-e-type=\"section\">\n\t\t\t\t\t\t<div class=\"elementor-container elementor-column-gap-default\">\n\t\t\t\t\t<div class=\"elementor-column elementor-col-50 elementor-inner-column elementor-element elementor-element-f7e2082\" data-id=\"f7e2082\" data-element_type=\"column\" data-e-type=\"column\">\n\t\t\t<div class=\"elementor-widget-wrap elementor-element-populated\">\n\t\t\t\t\t\t<div class=\"elementor-element elementor-element-95c8d84 elementor-widget elementor-widget-text-editor\" data-id=\"95c8d84\" data-element_type=\"widget\" data-e-type=\"widget\" data-widget_type=\"text-editor.default\">\n\t\t\t\t<div class=\"elementor-widget-container\">\n\t\t\t\t\t\t\t\t\t<p>C&rsquo;est LA soir\u00e9e mythique d&rsquo;hiver du Caf\u00e9 de l&rsquo;Espace!\u00a0<span dir=\"auto\"><br \/><\/span><\/p><p><span dir=\"auto\">Le concept ? Du sable plein de caf\u00e9, de la zik, des cocktails et tout le monde en maillot ! Chaque ann\u00e9e cet \u00e9v\u00e9nement rassemble le public pour une parenth\u00e8se ensoleill\u00e9e le temps d&rsquo;une soir\u00e9e.<\/span><\/p><p><span dir=\"auto\">Cette ann\u00e9e elle se d\u00e9roulera le vendredi 23 janvier et nous aurons le plaisir d&rsquo;accueillir Vlad et American do it better pour le Karaok\u00e9 Live !<\/span><\/p>\t\t\t\t\t\t\t\t<\/div>\n\t\t\t\t<\/div>\n\t\t\t\t\t<\/div>\n\t\t<\/div>\n\t\t\t\t<div class=\"elementor-column elementor-col-50 elementor-inner-column elementor-element elementor-element-5beb412\" data-id=\"5beb412\" data-element_type=\"column\" data-e-type=\"column\">\n\t\t\t<div class=\"elementor-widget-wrap elementor-element-populated\">\n\t\t\t\t\t\t<div class=\"elementor-element elementor-element-946507d elementor-widget elementor-widget-image\" data-id=\"946507d\" data-element_type=\"widget\" data-e-type=\"widget\" data-widget_type=\"image.default\">\n\t\t\t\t<div class=\"elementor-widget-container\">\n\t\t\t\t\t\t\t\t\t\t\t\t\t\t\t<img loading=\"lazy\" decoding=\"async\" width=\"330\" height=\"350\" src=\"https:\/\/cafedelespace.com\/wp-content\/uploads\/2026\/01\/485179500_9536630609716717_8742818812512390190_n-330x350.jpg\" class=\"attachment-post-category-slider-size size-post-category-slider-size wp-image-2348\" alt=\"\" \/>\t\t\t\t\t\t\t\t\t\t\t\t\t\t\t<\/div>\n\t\t\t\t<\/div>\n\t\t\t\t\t<\/div>\n\t\t<\/div>\n\t\t\t\t\t<\/div>\n\t\t<\/section>\n\t\t\t\t\t<\/div>\n\t\t<\/div>\n\t\t\t\t\t<\/div>\n\t\t<\/section>\n\t\t\t\t<\/div>\n\t\t","protected":false},"excerpt":{"rendered":"<p>Mini Festoch dans l&rsquo;Espace Temps fort de l&rsquo;association, le Mini Festoch dans l&rsquo;Espace est un rendez-vous incontournable du Caf\u00e9 de l&rsquo;Espace !! Il se d\u00e9roule chaque ann\u00e9e au mois de juin. L&rsquo;occasion de se retrouver et de partager musique, spectacles et animations ensemble. En 2024, le Mini Festoch&rsquo; a rassembl\u00e9 plus de 300 personnes avec &hellip; <\/p>\n","protected":false},"author":3,"featured_media":0,"parent":0,"menu_order":0,"comment_status":"closed","ping_status":"closed","template":"","meta":{"footnotes":""},"class_list":["post-1929","page","type-page","status-publish","hentry","latest_post"],"yoast_head":"<!-- This site is optimized with the Yoast SEO plugin v27.2 - https:\/\/yoast.com\/product\/yoast-seo-wordpress\/ -->\n<title>Temps forts &#8212; Le Caf\u00e9 de l&#039;Espace<\/title>\n<meta name=\"robots\" content=\"index, follow, max-snippet:-1, max-image-preview:large, max-video-preview:-1\" \/>\n<link rel=\"canonical\" href=\"https:\/\/cafedelespace.com\/index.php\/temps-forts\/\" \/>\n<meta property=\"og:locale\" content=\"fr_FR\" \/>\n<meta property=\"og:type\" content=\"article\" \/>\n<meta property=\"og:title\" content=\"Temps forts &#8212; Le Caf\u00e9 de l&#039;Espace\" \/>\n<meta property=\"og:description\" content=\"Mini Festoch dans l&rsquo;Espace Temps fort de l&rsquo;association, le Mini Festoch dans l&rsquo;Espace est un rendez-vous incontournable du Caf\u00e9 de l&rsquo;Espace !! Il se d\u00e9roule chaque ann\u00e9e au mois de juin. L&rsquo;occasion de se retrouver et de partager musique, spectacles et animations ensemble. En 2024, le Mini Festoch&rsquo; a rassembl\u00e9 plus de 300 personnes avec &hellip;\" \/>\n<meta property=\"og:url\" content=\"https:\/\/cafedelespace.com\/index.php\/temps-forts\/\" \/>\n<meta property=\"og:site_name\" content=\"Le Caf\u00e9 de l&#039;Espace\" \/>\n<meta property=\"article:publisher\" content=\"https:\/\/www.facebook.com\/Cafe.de.lEspace\/\" \/>\n<meta property=\"article:modified_time\" content=\"2026-01-09T14:56:22+00:00\" \/>\n<meta property=\"og:image\" content=\"http:\/\/cafedelespace.com\/wp-content\/uploads\/2026\/01\/banniere-mini-festoch-768x384.png\" \/>\n<meta name=\"twitter:card\" content=\"summary_large_image\" \/>\n<meta name=\"twitter:label1\" content=\"Dur\u00e9e de lecture estim\u00e9e\" \/>\n\t<meta name=\"twitter:data1\" content=\"2 minutes\" \/>\n<script type=\"application\/ld+json\" class=\"yoast-schema-graph\">{\"@context\":\"https:\/\/schema.org\",\"@graph\":[{\"@type\":\"WebPage\",\"@id\":\"https:\/\/cafedelespace.com\/index.php\/temps-forts\/\",\"url\":\"https:\/\/cafedelespace.com\/index.php\/temps-forts\/\",\"name\":\"Temps forts &#8212; Le Caf\u00e9 de l&#039;Espace\",\"isPartOf\":{\"@id\":\"https:\/\/cafedelespace.com\/#website\"},\"primaryImageOfPage\":{\"@id\":\"https:\/\/cafedelespace.com\/index.php\/temps-forts\/#primaryimage\"},\"image\":{\"@id\":\"https:\/\/cafedelespace.com\/index.php\/temps-forts\/#primaryimage\"},\"thumbnailUrl\":\"http:\/\/cafedelespace.com\/wp-content\/uploads\/2026\/01\/banniere-mini-festoch-768x384.png\",\"datePublished\":\"2025-06-17T14:44:47+00:00\",\"dateModified\":\"2026-01-09T14:56:22+00:00\",\"breadcrumb\":{\"@id\":\"https:\/\/cafedelespace.com\/index.php\/temps-forts\/#breadcrumb\"},\"inLanguage\":\"fr-FR\",\"potentialAction\":[{\"@type\":\"ReadAction\",\"target\":[\"https:\/\/cafedelespace.com\/index.php\/temps-forts\/\"]}]},{\"@type\":\"ImageObject\",\"inLanguage\":\"fr-FR\",\"@id\":\"https:\/\/cafedelespace.com\/index.php\/temps-forts\/#primaryimage\",\"url\":\"https:\/\/cafedelespace.com\/wp-content\/uploads\/2026\/01\/banniere-mini-festoch.png\",\"contentUrl\":\"https:\/\/cafedelespace.com\/wp-content\/uploads\/2026\/01\/banniere-mini-festoch.png\",\"width\":6912,\"height\":3456},{\"@type\":\"BreadcrumbList\",\"@id\":\"https:\/\/cafedelespace.com\/index.php\/temps-forts\/#breadcrumb\",\"itemListElement\":[{\"@type\":\"ListItem\",\"position\":1,\"name\":\"Accueil\",\"item\":\"https:\/\/cafedelespace.com\/\"},{\"@type\":\"ListItem\",\"position\":2,\"name\":\"Temps forts\"}]},{\"@type\":\"WebSite\",\"@id\":\"https:\/\/cafedelespace.com\/#website\",\"url\":\"https:\/\/cafedelespace.com\/\",\"name\":\"Le Caf\u00e9 de l Espace - Espace Associatif Alain Fauriaux\",\"description\":\"Espace Associatif Alain Fauriaux\",\"publisher\":{\"@id\":\"https:\/\/cafedelespace.com\/#organization\"},\"potentialAction\":[{\"@type\":\"SearchAction\",\"target\":{\"@type\":\"EntryPoint\",\"urlTemplate\":\"https:\/\/cafedelespace.com\/?s={search_term_string}\"},\"query-input\":{\"@type\":\"PropertyValueSpecification\",\"valueRequired\":true,\"valueName\":\"search_term_string\"}}],\"inLanguage\":\"fr-FR\"},{\"@type\":\"Organization\",\"@id\":\"https:\/\/cafedelespace.com\/#organization\",\"name\":\"Caf\u00e9 de l'Espace\",\"url\":\"https:\/\/cafedelespace.com\/\",\"logo\":{\"@type\":\"ImageObject\",\"inLanguage\":\"fr-FR\",\"@id\":\"https:\/\/cafedelespace.com\/#\/schema\/logo\/image\/\",\"url\":\"https:\/\/cafedelespace.com\/wp-content\/uploads\/2020\/04\/logo-peinture.png\",\"contentUrl\":\"https:\/\/cafedelespace.com\/wp-content\/uploads\/2020\/04\/logo-peinture.png\",\"width\":500,\"height\":500,\"caption\":\"Caf\u00e9 de l'Espace\"},\"image\":{\"@id\":\"https:\/\/cafedelespace.com\/#\/schema\/logo\/image\/\"},\"sameAs\":[\"https:\/\/www.facebook.com\/Cafe.de.lEspace\/\"]}]}<\/script>\n<!-- \/ Yoast SEO plugin. -->","yoast_head_json":{"title":"Temps forts &#8212; Le Caf\u00e9 de l&#039;Espace","robots":{"index":"index","follow":"follow","max-snippet":"max-snippet:-1","max-image-preview":"max-image-preview:large","max-video-preview":"max-video-preview:-1"},"canonical":"https:\/\/cafedelespace.com\/index.php\/temps-forts\/","og_locale":"fr_FR","og_type":"article","og_title":"Temps forts &#8212; Le Caf\u00e9 de l&#039;Espace","og_description":"Mini Festoch dans l&rsquo;Espace Temps fort de l&rsquo;association, le Mini Festoch dans l&rsquo;Espace est un rendez-vous incontournable du Caf\u00e9 de l&rsquo;Espace !! Il se d\u00e9roule chaque ann\u00e9e au mois de juin. L&rsquo;occasion de se retrouver et de partager musique, spectacles et animations ensemble. En 2024, le Mini Festoch&rsquo; a rassembl\u00e9 plus de 300 personnes avec &hellip;","og_url":"https:\/\/cafedelespace.com\/index.php\/temps-forts\/","og_site_name":"Le Caf\u00e9 de l&#039;Espace","article_publisher":"https:\/\/www.facebook.com\/Cafe.de.lEspace\/","article_modified_time":"2026-01-09T14:56:22+00:00","og_image":[{"url":"http:\/\/cafedelespace.com\/wp-content\/uploads\/2026\/01\/banniere-mini-festoch-768x384.png","type":"","width":"","height":""}],"twitter_card":"summary_large_image","twitter_misc":{"Dur\u00e9e de lecture estim\u00e9e":"2 minutes"},"schema":{"@context":"https:\/\/schema.org","@graph":[{"@type":"WebPage","@id":"https:\/\/cafedelespace.com\/index.php\/temps-forts\/","url":"https:\/\/cafedelespace.com\/index.php\/temps-forts\/","name":"Temps forts &#8212; Le Caf\u00e9 de l&#039;Espace","isPartOf":{"@id":"https:\/\/cafedelespace.com\/#website"},"primaryImageOfPage":{"@id":"https:\/\/cafedelespace.com\/index.php\/temps-forts\/#primaryimage"},"image":{"@id":"https:\/\/cafedelespace.com\/index.php\/temps-forts\/#primaryimage"},"thumbnailUrl":"http:\/\/cafedelespace.com\/wp-content\/uploads\/2026\/01\/banniere-mini-festoch-768x384.png","datePublished":"2025-06-17T14:44:47+00:00","dateModified":"2026-01-09T14:56:22+00:00","breadcrumb":{"@id":"https:\/\/cafedelespace.com\/index.php\/temps-forts\/#breadcrumb"},"inLanguage":"fr-FR","potentialAction":[{"@type":"ReadAction","target":["https:\/\/cafedelespace.com\/index.php\/temps-forts\/"]}]},{"@type":"ImageObject","inLanguage":"fr-FR","@id":"https:\/\/cafedelespace.com\/index.php\/temps-forts\/#primaryimage","url":"https:\/\/cafedelespace.com\/wp-content\/uploads\/2026\/01\/banniere-mini-festoch.png","contentUrl":"https:\/\/cafedelespace.com\/wp-content\/uploads\/2026\/01\/banniere-mini-festoch.png","width":6912,"height":3456},{"@type":"BreadcrumbList","@id":"https:\/\/cafedelespace.com\/index.php\/temps-forts\/#breadcrumb","itemListElement":[{"@type":"ListItem","position":1,"name":"Accueil","item":"https:\/\/cafedelespace.com\/"},{"@type":"ListItem","position":2,"name":"Temps forts"}]},{"@type":"WebSite","@id":"https:\/\/cafedelespace.com\/#website","url":"https:\/\/cafedelespace.com\/","name":"Le Caf\u00e9 de l Espace - Espace Associatif Alain Fauriaux","description":"Espace Associatif Alain Fauriaux","publisher":{"@id":"https:\/\/cafedelespace.com\/#organization"},"potentialAction":[{"@type":"SearchAction","target":{"@type":"EntryPoint","urlTemplate":"https:\/\/cafedelespace.com\/?s={search_term_string}"},"query-input":{"@type":"PropertyValueSpecification","valueRequired":true,"valueName":"search_term_string"}}],"inLanguage":"fr-FR"},{"@type":"Organization","@id":"https:\/\/cafedelespace.com\/#organization","name":"Caf\u00e9 de l'Espace","url":"https:\/\/cafedelespace.com\/","logo":{"@type":"ImageObject","inLanguage":"fr-FR","@id":"https:\/\/cafedelespace.com\/#\/schema\/logo\/image\/","url":"https:\/\/cafedelespace.com\/wp-content\/uploads\/2020\/04\/logo-peinture.png","contentUrl":"https:\/\/cafedelespace.com\/wp-content\/uploads\/2020\/04\/logo-peinture.png","width":500,"height":500,"caption":"Caf\u00e9 de l'Espace"},"image":{"@id":"https:\/\/cafedelespace.com\/#\/schema\/logo\/image\/"},"sameAs":["https:\/\/www.facebook.com\/Cafe.de.lEspace\/"]}]}},"_links":{"self":[{"href":"https:\/\/cafedelespace.com\/index.php\/wp-json\/wp\/v2\/pages\/1929","targetHints":{"allow":["GET"]}}],"collection":[{"href":"https:\/\/cafedelespace.com\/index.php\/wp-json\/wp\/v2\/pages"}],"about":[{"href":"https:\/\/cafedelespace.com\/index.php\/wp-json\/wp\/v2\/types\/page"}],"author":[{"embeddable":true,"href":"https:\/\/cafedelespace.com\/index.php\/wp-json\/wp\/v2\/users\/3"}],"replies":[{"embeddable":true,"href":"https:\/\/cafedelespace.com\/index.php\/wp-json\/wp\/v2\/comments?post=1929"}],"version-history":[{"count":45,"href":"https:\/\/cafedelespace.com\/index.php\/wp-json\/wp\/v2\/pages\/1929\/revisions"}],"predecessor-version":[{"id":2361,"href":"https:\/\/cafedelespace.com\/index.php\/wp-json\/wp\/v2\/pages\/1929\/revisions\/2361"}],"wp:attachment":[{"href":"https:\/\/cafedelespace.com\/index.php\/wp-json\/wp\/v2\/media?parent=1929"}],"curies":[{"name":"wp","href":"https:\/\/api.w.org\/{rel}","templated":true}]}}