{"id":127,"date":"2020-04-14T10:00:04","date_gmt":"2020-04-14T08:00:04","guid":{"rendered":"http:\/\/cafedelespace.com\/?page_id=127"},"modified":"2026-01-09T14:34:28","modified_gmt":"2026-01-09T13:34:28","slug":"les-reseaux","status":"publish","type":"page","link":"https:\/\/cafedelespace.com\/index.php\/qui-sommes-nous\/les-reseaux\/","title":{"rendered":"Les R\u00e9seaux"},"content":{"rendered":"\t\t<div data-elementor-type=\"wp-page\" data-elementor-id=\"127\" class=\"elementor elementor-127\">\n\t\t\t\t\t\t<section class=\"elementor-section elementor-top-section elementor-element elementor-element-e97eb82 elementor-section-boxed elementor-section-height-default elementor-section-height-default\" data-id=\"e97eb82\" data-element_type=\"section\" data-e-type=\"section\">\n\t\t\t\t\t\t<div class=\"elementor-container elementor-column-gap-default\">\n\t\t\t\t\t<div class=\"elementor-column elementor-col-33 elementor-top-column elementor-element elementor-element-e94420c\" data-id=\"e94420c\" data-element_type=\"column\" data-e-type=\"column\">\n\t\t\t<div class=\"elementor-widget-wrap elementor-element-populated\">\n\t\t\t\t\t\t<div class=\"elementor-element elementor-element-3bb6d5c elementor-widget elementor-widget-image\" data-id=\"3bb6d5c\" data-element_type=\"widget\" data-e-type=\"widget\" data-widget_type=\"image.default\">\n\t\t\t\t<div class=\"elementor-widget-container\">\n\t\t\t\t\t\t\t\t\t\t\t\t\t\t\t<img decoding=\"async\" width=\"150\" height=\"150\" src=\"https:\/\/cafedelespace.com\/wp-content\/uploads\/2026\/01\/20260109_141756-removebg-preview-150x150.png\" class=\"attachment-thumbnail size-thumbnail wp-image-2270\" alt=\"\" srcset=\"https:\/\/cafedelespace.com\/wp-content\/uploads\/2026\/01\/20260109_141756-removebg-preview-150x150.png 150w, https:\/\/cafedelespace.com\/wp-content\/uploads\/2026\/01\/20260109_141756-removebg-preview-300x300.png 300w, https:\/\/cafedelespace.com\/wp-content\/uploads\/2026\/01\/20260109_141756-removebg-preview-60x60.png 60w, https:\/\/cafedelespace.com\/wp-content\/uploads\/2026\/01\/20260109_141756-removebg-preview.png 500w\" sizes=\"(max-width: 150px) 100vw, 150px\" \/>\t\t\t\t\t\t\t\t\t\t\t\t\t\t\t<\/div>\n\t\t\t\t<\/div>\n\t\t\t\t\t<\/div>\n\t\t<\/div>\n\t\t\t\t<div class=\"elementor-column elementor-col-66 elementor-top-column elementor-element elementor-element-9b5d7fd\" data-id=\"9b5d7fd\" data-element_type=\"column\" data-e-type=\"column\">\n\t\t\t<div class=\"elementor-widget-wrap elementor-element-populated\">\n\t\t\t\t\t\t<div class=\"elementor-element elementor-element-01fbd98 elementor-widget elementor-widget-text-editor\" data-id=\"01fbd98\" data-element_type=\"widget\" data-e-type=\"widget\" data-widget_type=\"text-editor.default\">\n\t\t\t\t<div class=\"elementor-widget-container\">\n\t\t\t\t\t\t\t\t\t<p align=\"justify\">C&rsquo;est le r\u00e9seau des acteurs des musiques actuelles en Creuse qui travaille pour des partages de pratiques, projets en commun, r\u00e9sidences d&rsquo;artistes.\u00a0Issu du SOLIMA Creuse, L\u2019Archip\u00e8l d\u00e9veloppe depuis plusieurs ann\u00e9es un projet territorial visant \u00e0 l\u2019obtention du label SMAC \u00e0 l\u2019\u00e9chelle du d\u00e9partement. Une CPO vient d\u2019\u00eatre sign\u00e9e afin d\u2019acter l\u2019entr\u00e9e en pr\u00e9figuration SMAC, cette CPO regroupe 13 signataires et vise \u00e0 d\u00e9velopper les musiques actuelles sur le d\u00e9partement creusois. L&rsquo;association Caf\u00e9 de l&rsquo;Espace est co-pr\u00e9sidente de l&rsquo;Archip\u00e8l, avec les associations La Moustache (Jarnages), Le l\u00e9zard Vert (Fursac) et Naut&rsquo;active (Champagnat).<\/p>\t\t\t\t\t\t\t\t<\/div>\n\t\t\t\t<\/div>\n\t\t\t\t\t<\/div>\n\t\t<\/div>\n\t\t\t\t\t<\/div>\n\t\t<\/section>\n\t\t\t\t<section class=\"elementor-section elementor-top-section elementor-element elementor-element-44df73c elementor-section-boxed elementor-section-height-default elementor-section-height-default\" data-id=\"44df73c\" data-element_type=\"section\" data-e-type=\"section\">\n\t\t\t\t\t\t<div class=\"elementor-container elementor-column-gap-default\">\n\t\t\t\t\t<div class=\"elementor-column elementor-col-33 elementor-top-column elementor-element elementor-element-6e77056\" data-id=\"6e77056\" data-element_type=\"column\" data-e-type=\"column\">\n\t\t\t<div class=\"elementor-widget-wrap elementor-element-populated\">\n\t\t\t\t\t\t<div class=\"elementor-element elementor-element-24df787 elementor-widget elementor-widget-image\" data-id=\"24df787\" data-element_type=\"widget\" data-e-type=\"widget\" data-widget_type=\"image.default\">\n\t\t\t\t<div class=\"elementor-widget-container\">\n\t\t\t\t\t\t\t\t\t\t\t\t\t\t\t<img decoding=\"async\" width=\"150\" height=\"150\" src=\"https:\/\/cafedelespace.com\/wp-content\/uploads\/2020\/04\/Logo-TELA-Couleur-150x150.png\" class=\"attachment-thumbnail size-thumbnail wp-image-300\" alt=\"\" \/>\t\t\t\t\t\t\t\t\t\t\t\t\t\t\t<\/div>\n\t\t\t\t<\/div>\n\t\t\t\t\t<\/div>\n\t\t<\/div>\n\t\t\t\t<div class=\"elementor-column elementor-col-66 elementor-top-column elementor-element elementor-element-7dc9f6d\" data-id=\"7dc9f6d\" data-element_type=\"column\" data-e-type=\"column\">\n\t\t\t<div class=\"elementor-widget-wrap elementor-element-populated\">\n\t\t\t\t\t\t<div class=\"elementor-element elementor-element-2d93313 elementor-widget elementor-widget-text-editor\" data-id=\"2d93313\" data-element_type=\"widget\" data-e-type=\"widget\" data-widget_type=\"text-editor.default\">\n\t\t\t\t<div class=\"elementor-widget-container\">\n\t\t\t\t\t\t\t\t\t<p align=\"justify\">Le r\u00e9seau des tiers lieux creusois est n\u00e9 de la volont\u00e9 de contribuer collectivement \u00e0 la dynamique creusoise d\u2019innovation rurale.<\/p><p>TELA travaille \u00e0 :<\/p><p>\u25ba la mise en r\u00e9seau des Tiers Lieux creusois dans une d\u00e9marche d&rsquo;entraide de pair \u00e0 pair et de partage d&rsquo;exp\u00e9riences.<\/p><p>\u25ba se positionner comme une porte d&rsquo;entr\u00e9e du territoire, un lieu ressources, un carrefour des initiatives priv\u00e9es et collectives et de devenir un laboratoire d&rsquo;initiatives et d&rsquo;innovations en encourageant et accompagnant des initiatives locales dans une d\u00e9marche partenariale.<\/p><p>\u25ba d\u00e9velopper le dispositif e-inclusion et les politiques locales d&rsquo;accueil en lien avec le Conseil d\u00e9partemental de la Creuse.<\/p><p><a href=\"https:\/\/reseautela.org\/\">Site internet de Tela<\/a><\/p>\t\t\t\t\t\t\t\t<\/div>\n\t\t\t\t<\/div>\n\t\t\t\t\t<\/div>\n\t\t<\/div>\n\t\t\t\t\t<\/div>\n\t\t<\/section>\n\t\t\t\t<section class=\"elementor-section elementor-top-section elementor-element elementor-element-f0e4445 elementor-section-boxed elementor-section-height-default elementor-section-height-default\" data-id=\"f0e4445\" data-element_type=\"section\" data-e-type=\"section\">\n\t\t\t\t\t\t<div class=\"elementor-container elementor-column-gap-default\">\n\t\t\t\t\t<div class=\"elementor-column elementor-col-33 elementor-top-column elementor-element elementor-element-b93370f\" data-id=\"b93370f\" data-element_type=\"column\" data-e-type=\"column\">\n\t\t\t<div class=\"elementor-widget-wrap elementor-element-populated\">\n\t\t\t\t\t\t<div class=\"elementor-element elementor-element-e225e19 elementor-widget elementor-widget-image\" data-id=\"e225e19\" data-element_type=\"widget\" data-e-type=\"widget\" data-widget_type=\"image.default\">\n\t\t\t\t<div class=\"elementor-widget-container\">\n\t\t\t\t\t\t\t\t\t\t\t\t\t\t\t<img decoding=\"async\" src=\"https:\/\/cafedelespace.com\/wp-content\/uploads\/2020\/04\/Aliso.png\" title=\"Aliso\" alt=\"Aliso\" loading=\"lazy\" \/>\t\t\t\t\t\t\t\t\t\t\t\t\t\t\t<\/div>\n\t\t\t\t<\/div>\n\t\t\t\t\t<\/div>\n\t\t<\/div>\n\t\t\t\t<div class=\"elementor-column elementor-col-66 elementor-top-column elementor-element elementor-element-1b21fa7\" data-id=\"1b21fa7\" data-element_type=\"column\" data-e-type=\"column\">\n\t\t\t<div class=\"elementor-widget-wrap elementor-element-populated\">\n\t\t\t\t\t\t<div class=\"elementor-element elementor-element-f41beb8 elementor-widget elementor-widget-text-editor\" data-id=\"f41beb8\" data-element_type=\"widget\" data-e-type=\"widget\" data-widget_type=\"text-editor.default\">\n\t\t\t\t<div class=\"elementor-widget-container\">\n\t\t\t\t\t\t\t\t\t<div class=\"entry-content\"><p>ALISO, le r\u00e9seau creusois des Acteurs du LIen SOcial.<\/p><p>Il s\u2019est cr\u00e9\u00e9 en novembre 2015 par la volont\u00e9 des acteurs de l\u2019animation socioculturelle de Creuse historiquement organis\u00e9 en r\u00e9seau.<\/p><p><strong>Les missions :<\/strong><\/p><p>\u25basoutenir les structures et leurs professionnels dans leurs capacit\u00e9s d\u2019innovation sociale ;<\/p><p>\u25bavaloriser et mobiliser les comp\u00e9tences sur le territoire creusois.<\/p><p><strong>Les objectifs :<br \/><\/strong><\/p><p>Les acteurs engagent une dynamique de r\u00e9seau ouverte, afin de :<\/p><p>\u25bamutualiser des initiatives et des \u00e9nergies des acteurs du r\u00e9seau en d\u00e9veloppant des actions collectives en lien direct avec le public et l\u2019animation.<\/p><p>\u25bad\u00e9velopper des dynamiques d\u2019\u00e9changes, de rencontres, de d\u00e9bats et de formations collectives<\/p><p>\u25bamobiliser, prendre position, d\u00e9fendre, accompagner les membres dans leur \u00e9volution<\/p><p><a href=\"http:\/\/aliso.fr\/\">Site internet d&rsquo;ALISO<\/a><\/p><\/div>\t\t\t\t\t\t\t\t<\/div>\n\t\t\t\t<\/div>\n\t\t\t\t\t<\/div>\n\t\t<\/div>\n\t\t\t\t\t<\/div>\n\t\t<\/section>\n\t\t\t\t<section class=\"elementor-section elementor-top-section elementor-element elementor-element-444f5c2 elementor-section-boxed elementor-section-height-default elementor-section-height-default\" data-id=\"444f5c2\" data-element_type=\"section\" data-e-type=\"section\">\n\t\t\t\t\t\t<div class=\"elementor-container elementor-column-gap-default\">\n\t\t\t\t\t<div class=\"elementor-column elementor-col-33 elementor-top-column elementor-element elementor-element-c365633\" data-id=\"c365633\" data-element_type=\"column\" data-e-type=\"column\">\n\t\t\t<div class=\"elementor-widget-wrap elementor-element-populated\">\n\t\t\t\t\t\t<div class=\"elementor-element elementor-element-e08b8eb elementor-widget elementor-widget-image\" data-id=\"e08b8eb\" data-element_type=\"widget\" data-e-type=\"widget\" data-widget_type=\"image.default\">\n\t\t\t\t<div class=\"elementor-widget-container\">\n\t\t\t\t\t\t\t\t\t\t\t\t\t\t\t<img decoding=\"async\" width=\"300\" height=\"110\" src=\"https:\/\/cafedelespace.com\/wp-content\/uploads\/2020\/09\/logo-rim.png\" class=\"attachment-large size-large wp-image-423\" alt=\"\" srcset=\"https:\/\/cafedelespace.com\/wp-content\/uploads\/2020\/09\/logo-rim.png 300w, https:\/\/cafedelespace.com\/wp-content\/uploads\/2020\/09\/logo-rim-164x60.png 164w\" sizes=\"(max-width: 300px) 100vw, 300px\" \/>\t\t\t\t\t\t\t\t\t\t\t\t\t\t\t<\/div>\n\t\t\t\t<\/div>\n\t\t\t\t\t<\/div>\n\t\t<\/div>\n\t\t\t\t<div class=\"elementor-column elementor-col-66 elementor-top-column elementor-element elementor-element-78d995d\" data-id=\"78d995d\" data-element_type=\"column\" data-e-type=\"column\">\n\t\t\t<div class=\"elementor-widget-wrap elementor-element-populated\">\n\t\t\t\t\t\t<div class=\"elementor-element elementor-element-4c3a0c2 elementor-widget elementor-widget-text-editor\" data-id=\"4c3a0c2\" data-element_type=\"widget\" data-e-type=\"widget\" data-widget_type=\"text-editor.default\">\n\t\t\t\t<div class=\"elementor-widget-container\">\n\t\t\t\t\t\t\t\t\t<p>Le R\u00e9seau des Ind\u00e9pendants de la Musique (RIM) rassemble les acteurs de la fili\u00e8re musiques actuelles de l\u2019ensemble de la r\u00e9gion Nouvelle-Aquitaine.<\/p><p>Constitu\u00e9 en association loi 1901, le RIM regroupe aujourd\u2019hui 170 adh\u00e9rents, dont les activit\u00e9s sont les suivantes\u00a0 :<\/p><p>\u25bacr\u00e9er du lien sur le territoire<br \/>\u25baaccompagner, conseiller, soutenir les acteurs<br \/>\u25bavaloriser les activit\u00e9s et faire circuler les \u0153uvres<br \/>\u25barepr\u00e9senter les acteurs au sein des politiques musiques actuelles<\/p><p><a href=\"http:\/\/le-rim.org\/\">Site internet du RIM<\/a><\/p>\t\t\t\t\t\t\t\t<\/div>\n\t\t\t\t<\/div>\n\t\t\t\t\t<\/div>\n\t\t<\/div>\n\t\t\t\t\t<\/div>\n\t\t<\/section>\n\t\t\t\t<section class=\"elementor-section elementor-top-section elementor-element elementor-element-2422450 elementor-section-boxed elementor-section-height-default elementor-section-height-default\" data-id=\"2422450\" data-element_type=\"section\" data-e-type=\"section\">\n\t\t\t\t\t\t<div class=\"elementor-container elementor-column-gap-default\">\n\t\t\t\t\t<div class=\"elementor-column elementor-col-33 elementor-top-column elementor-element elementor-element-eb2aa83\" data-id=\"eb2aa83\" data-element_type=\"column\" data-e-type=\"column\">\n\t\t\t<div class=\"elementor-widget-wrap elementor-element-populated\">\n\t\t\t\t\t\t<div class=\"elementor-element elementor-element-e93b2a8 elementor-widget elementor-widget-image\" data-id=\"e93b2a8\" data-element_type=\"widget\" data-e-type=\"widget\" data-widget_type=\"image.default\">\n\t\t\t\t<div class=\"elementor-widget-container\">\n\t\t\t\t\t\t\t\t\t\t\t\t\t\t\t<img decoding=\"async\" src=\"https:\/\/cafedelespace.com\/wp-content\/uploads\/2020\/04\/barbar-2.png\" title=\"barbar 2\" alt=\"barbar 2\" loading=\"lazy\" \/>\t\t\t\t\t\t\t\t\t\t\t\t\t\t\t<\/div>\n\t\t\t\t<\/div>\n\t\t\t\t\t<\/div>\n\t\t<\/div>\n\t\t\t\t<div class=\"elementor-column elementor-col-66 elementor-top-column elementor-element elementor-element-d992acc\" data-id=\"d992acc\" data-element_type=\"column\" data-e-type=\"column\">\n\t\t\t<div class=\"elementor-widget-wrap elementor-element-populated\">\n\t\t\t\t\t\t<div class=\"elementor-element elementor-element-0202c99 elementor-widget elementor-widget-text-editor\" data-id=\"0202c99\" data-element_type=\"widget\" data-e-type=\"widget\" data-widget_type=\"text-editor.default\">\n\t\t\t\t<div class=\"elementor-widget-container\">\n\t\t\t\t\t\t\t\t\t<p align=\"justify\">Le collectif Culture Bar-Bars, cr\u00e9\u00e9 en 1999 f\u00e9d\u00e8re des caf\u00e9s cultures sur le territoire national.\n<br> <a href=\"https:\/\/www.bar-bars.com\/contexte\"> Site internet du Collectif<\/a>\t\t\t\t\t\t\t\t<\/div>\n\t\t\t\t<\/div>\n\t\t\t\t\t<\/div>\n\t\t<\/div>\n\t\t\t\t\t<\/div>\n\t\t<\/section>\n\t\t\t\t<\/div>\n\t\t","protected":false},"excerpt":{"rendered":"<p>C&rsquo;est le r\u00e9seau des acteurs des musiques actuelles en Creuse qui travaille pour des partages de pratiques, projets en commun, r\u00e9sidences d&rsquo;artistes.\u00a0Issu du SOLIMA Creuse, L\u2019Archip\u00e8l d\u00e9veloppe depuis plusieurs ann\u00e9es un projet territorial visant \u00e0 l\u2019obtention du label SMAC \u00e0 l\u2019\u00e9chelle du d\u00e9partement. Une CPO vient d\u2019\u00eatre sign\u00e9e afin d\u2019acter l\u2019entr\u00e9e en pr\u00e9figuration SMAC, cette &hellip; <\/p>\n","protected":false},"author":2,"featured_media":0,"parent":121,"menu_order":0,"comment_status":"closed","ping_status":"closed","template":"","meta":{"footnotes":""},"class_list":["post-127","page","type-page","status-publish","hentry","latest_post"],"yoast_head":"<!-- This site is optimized with the Yoast SEO plugin v27.2 - https:\/\/yoast.com\/product\/yoast-seo-wordpress\/ -->\n<title>Les R\u00e9seaux &#8212; Le Caf\u00e9 de l&#039;Espace<\/title>\n<meta name=\"robots\" content=\"index, follow, max-snippet:-1, max-image-preview:large, max-video-preview:-1\" \/>\n<link rel=\"canonical\" href=\"https:\/\/cafedelespace.com\/index.php\/qui-sommes-nous\/les-reseaux\/\" \/>\n<meta property=\"og:locale\" content=\"fr_FR\" \/>\n<meta property=\"og:type\" content=\"article\" \/>\n<meta property=\"og:title\" content=\"Les R\u00e9seaux &#8212; Le Caf\u00e9 de l&#039;Espace\" \/>\n<meta property=\"og:description\" content=\"C&rsquo;est le r\u00e9seau des acteurs des musiques actuelles en Creuse qui travaille pour des partages de pratiques, projets en commun, r\u00e9sidences d&rsquo;artistes.\u00a0Issu du SOLIMA Creuse, L\u2019Archip\u00e8l d\u00e9veloppe depuis plusieurs ann\u00e9es un projet territorial visant \u00e0 l\u2019obtention du label SMAC \u00e0 l\u2019\u00e9chelle du d\u00e9partement. Une CPO vient d\u2019\u00eatre sign\u00e9e afin d\u2019acter l\u2019entr\u00e9e en pr\u00e9figuration SMAC, cette &hellip;\" \/>\n<meta property=\"og:url\" content=\"https:\/\/cafedelespace.com\/index.php\/qui-sommes-nous\/les-reseaux\/\" \/>\n<meta property=\"og:site_name\" content=\"Le Caf\u00e9 de l&#039;Espace\" \/>\n<meta property=\"article:publisher\" content=\"https:\/\/www.facebook.com\/Cafe.de.lEspace\/\" \/>\n<meta property=\"article:modified_time\" content=\"2026-01-09T13:34:28+00:00\" \/>\n<meta property=\"og:image\" content=\"http:\/\/cafedelespace.com\/wp-content\/uploads\/2026\/01\/20260109_141756-removebg-preview-150x150.png\" \/>\n<meta name=\"twitter:card\" content=\"summary_large_image\" \/>\n<meta name=\"twitter:label1\" content=\"Dur\u00e9e de lecture estim\u00e9e\" \/>\n\t<meta name=\"twitter:data1\" content=\"2 minutes\" \/>\n<script type=\"application\/ld+json\" class=\"yoast-schema-graph\">{\"@context\":\"https:\/\/schema.org\",\"@graph\":[{\"@type\":\"WebPage\",\"@id\":\"https:\/\/cafedelespace.com\/index.php\/qui-sommes-nous\/les-reseaux\/\",\"url\":\"https:\/\/cafedelespace.com\/index.php\/qui-sommes-nous\/les-reseaux\/\",\"name\":\"Les R\u00e9seaux &#8212; Le Caf\u00e9 de l&#039;Espace\",\"isPartOf\":{\"@id\":\"https:\/\/cafedelespace.com\/#website\"},\"primaryImageOfPage\":{\"@id\":\"https:\/\/cafedelespace.com\/index.php\/qui-sommes-nous\/les-reseaux\/#primaryimage\"},\"image\":{\"@id\":\"https:\/\/cafedelespace.com\/index.php\/qui-sommes-nous\/les-reseaux\/#primaryimage\"},\"thumbnailUrl\":\"http:\/\/cafedelespace.com\/wp-content\/uploads\/2026\/01\/20260109_141756-removebg-preview-150x150.png\",\"datePublished\":\"2020-04-14T08:00:04+00:00\",\"dateModified\":\"2026-01-09T13:34:28+00:00\",\"breadcrumb\":{\"@id\":\"https:\/\/cafedelespace.com\/index.php\/qui-sommes-nous\/les-reseaux\/#breadcrumb\"},\"inLanguage\":\"fr-FR\",\"potentialAction\":[{\"@type\":\"ReadAction\",\"target\":[\"https:\/\/cafedelespace.com\/index.php\/qui-sommes-nous\/les-reseaux\/\"]}]},{\"@type\":\"ImageObject\",\"inLanguage\":\"fr-FR\",\"@id\":\"https:\/\/cafedelespace.com\/index.php\/qui-sommes-nous\/les-reseaux\/#primaryimage\",\"url\":\"https:\/\/cafedelespace.com\/wp-content\/uploads\/2026\/01\/20260109_141756-removebg-preview.png\",\"contentUrl\":\"https:\/\/cafedelespace.com\/wp-content\/uploads\/2026\/01\/20260109_141756-removebg-preview.png\",\"width\":500,\"height\":500},{\"@type\":\"BreadcrumbList\",\"@id\":\"https:\/\/cafedelespace.com\/index.php\/qui-sommes-nous\/les-reseaux\/#breadcrumb\",\"itemListElement\":[{\"@type\":\"ListItem\",\"position\":1,\"name\":\"Accueil\",\"item\":\"https:\/\/cafedelespace.com\/\"},{\"@type\":\"ListItem\",\"position\":2,\"name\":\"Qui sommes nous ?\",\"item\":\"https:\/\/cafedelespace.com\/index.php\/qui-sommes-nous\/\"},{\"@type\":\"ListItem\",\"position\":3,\"name\":\"Les R\u00e9seaux\"}]},{\"@type\":\"WebSite\",\"@id\":\"https:\/\/cafedelespace.com\/#website\",\"url\":\"https:\/\/cafedelespace.com\/\",\"name\":\"Le Caf\u00e9 de l Espace - Espace Associatif Alain Fauriaux\",\"description\":\"Espace Associatif Alain Fauriaux\",\"publisher\":{\"@id\":\"https:\/\/cafedelespace.com\/#organization\"},\"potentialAction\":[{\"@type\":\"SearchAction\",\"target\":{\"@type\":\"EntryPoint\",\"urlTemplate\":\"https:\/\/cafedelespace.com\/?s={search_term_string}\"},\"query-input\":{\"@type\":\"PropertyValueSpecification\",\"valueRequired\":true,\"valueName\":\"search_term_string\"}}],\"inLanguage\":\"fr-FR\"},{\"@type\":\"Organization\",\"@id\":\"https:\/\/cafedelespace.com\/#organization\",\"name\":\"Caf\u00e9 de l'Espace\",\"url\":\"https:\/\/cafedelespace.com\/\",\"logo\":{\"@type\":\"ImageObject\",\"inLanguage\":\"fr-FR\",\"@id\":\"https:\/\/cafedelespace.com\/#\/schema\/logo\/image\/\",\"url\":\"https:\/\/cafedelespace.com\/wp-content\/uploads\/2020\/04\/logo-peinture.png\",\"contentUrl\":\"https:\/\/cafedelespace.com\/wp-content\/uploads\/2020\/04\/logo-peinture.png\",\"width\":500,\"height\":500,\"caption\":\"Caf\u00e9 de l'Espace\"},\"image\":{\"@id\":\"https:\/\/cafedelespace.com\/#\/schema\/logo\/image\/\"},\"sameAs\":[\"https:\/\/www.facebook.com\/Cafe.de.lEspace\/\"]}]}<\/script>\n<!-- \/ Yoast SEO plugin. -->","yoast_head_json":{"title":"Les R\u00e9seaux &#8212; Le Caf\u00e9 de l&#039;Espace","robots":{"index":"index","follow":"follow","max-snippet":"max-snippet:-1","max-image-preview":"max-image-preview:large","max-video-preview":"max-video-preview:-1"},"canonical":"https:\/\/cafedelespace.com\/index.php\/qui-sommes-nous\/les-reseaux\/","og_locale":"fr_FR","og_type":"article","og_title":"Les R\u00e9seaux &#8212; Le Caf\u00e9 de l&#039;Espace","og_description":"C&rsquo;est le r\u00e9seau des acteurs des musiques actuelles en Creuse qui travaille pour des partages de pratiques, projets en commun, r\u00e9sidences d&rsquo;artistes.\u00a0Issu du SOLIMA Creuse, L\u2019Archip\u00e8l d\u00e9veloppe depuis plusieurs ann\u00e9es un projet territorial visant \u00e0 l\u2019obtention du label SMAC \u00e0 l\u2019\u00e9chelle du d\u00e9partement. Une CPO vient d\u2019\u00eatre sign\u00e9e afin d\u2019acter l\u2019entr\u00e9e en pr\u00e9figuration SMAC, cette &hellip;","og_url":"https:\/\/cafedelespace.com\/index.php\/qui-sommes-nous\/les-reseaux\/","og_site_name":"Le Caf\u00e9 de l&#039;Espace","article_publisher":"https:\/\/www.facebook.com\/Cafe.de.lEspace\/","article_modified_time":"2026-01-09T13:34:28+00:00","og_image":[{"url":"http:\/\/cafedelespace.com\/wp-content\/uploads\/2026\/01\/20260109_141756-removebg-preview-150x150.png","type":"","width":"","height":""}],"twitter_card":"summary_large_image","twitter_misc":{"Dur\u00e9e de lecture estim\u00e9e":"2 minutes"},"schema":{"@context":"https:\/\/schema.org","@graph":[{"@type":"WebPage","@id":"https:\/\/cafedelespace.com\/index.php\/qui-sommes-nous\/les-reseaux\/","url":"https:\/\/cafedelespace.com\/index.php\/qui-sommes-nous\/les-reseaux\/","name":"Les R\u00e9seaux &#8212; Le Caf\u00e9 de l&#039;Espace","isPartOf":{"@id":"https:\/\/cafedelespace.com\/#website"},"primaryImageOfPage":{"@id":"https:\/\/cafedelespace.com\/index.php\/qui-sommes-nous\/les-reseaux\/#primaryimage"},"image":{"@id":"https:\/\/cafedelespace.com\/index.php\/qui-sommes-nous\/les-reseaux\/#primaryimage"},"thumbnailUrl":"http:\/\/cafedelespace.com\/wp-content\/uploads\/2026\/01\/20260109_141756-removebg-preview-150x150.png","datePublished":"2020-04-14T08:00:04+00:00","dateModified":"2026-01-09T13:34:28+00:00","breadcrumb":{"@id":"https:\/\/cafedelespace.com\/index.php\/qui-sommes-nous\/les-reseaux\/#breadcrumb"},"inLanguage":"fr-FR","potentialAction":[{"@type":"ReadAction","target":["https:\/\/cafedelespace.com\/index.php\/qui-sommes-nous\/les-reseaux\/"]}]},{"@type":"ImageObject","inLanguage":"fr-FR","@id":"https:\/\/cafedelespace.com\/index.php\/qui-sommes-nous\/les-reseaux\/#primaryimage","url":"https:\/\/cafedelespace.com\/wp-content\/uploads\/2026\/01\/20260109_141756-removebg-preview.png","contentUrl":"https:\/\/cafedelespace.com\/wp-content\/uploads\/2026\/01\/20260109_141756-removebg-preview.png","width":500,"height":500},{"@type":"BreadcrumbList","@id":"https:\/\/cafedelespace.com\/index.php\/qui-sommes-nous\/les-reseaux\/#breadcrumb","itemListElement":[{"@type":"ListItem","position":1,"name":"Accueil","item":"https:\/\/cafedelespace.com\/"},{"@type":"ListItem","position":2,"name":"Qui sommes nous ?","item":"https:\/\/cafedelespace.com\/index.php\/qui-sommes-nous\/"},{"@type":"ListItem","position":3,"name":"Les R\u00e9seaux"}]},{"@type":"WebSite","@id":"https:\/\/cafedelespace.com\/#website","url":"https:\/\/cafedelespace.com\/","name":"Le Caf\u00e9 de l Espace - Espace Associatif Alain Fauriaux","description":"Espace Associatif Alain Fauriaux","publisher":{"@id":"https:\/\/cafedelespace.com\/#organization"},"potentialAction":[{"@type":"SearchAction","target":{"@type":"EntryPoint","urlTemplate":"https:\/\/cafedelespace.com\/?s={search_term_string}"},"query-input":{"@type":"PropertyValueSpecification","valueRequired":true,"valueName":"search_term_string"}}],"inLanguage":"fr-FR"},{"@type":"Organization","@id":"https:\/\/cafedelespace.com\/#organization","name":"Caf\u00e9 de l'Espace","url":"https:\/\/cafedelespace.com\/","logo":{"@type":"ImageObject","inLanguage":"fr-FR","@id":"https:\/\/cafedelespace.com\/#\/schema\/logo\/image\/","url":"https:\/\/cafedelespace.com\/wp-content\/uploads\/2020\/04\/logo-peinture.png","contentUrl":"https:\/\/cafedelespace.com\/wp-content\/uploads\/2020\/04\/logo-peinture.png","width":500,"height":500,"caption":"Caf\u00e9 de l'Espace"},"image":{"@id":"https:\/\/cafedelespace.com\/#\/schema\/logo\/image\/"},"sameAs":["https:\/\/www.facebook.com\/Cafe.de.lEspace\/"]}]}},"_links":{"self":[{"href":"https:\/\/cafedelespace.com\/index.php\/wp-json\/wp\/v2\/pages\/127","targetHints":{"allow":["GET"]}}],"collection":[{"href":"https:\/\/cafedelespace.com\/index.php\/wp-json\/wp\/v2\/pages"}],"about":[{"href":"https:\/\/cafedelespace.com\/index.php\/wp-json\/wp\/v2\/types\/page"}],"author":[{"embeddable":true,"href":"https:\/\/cafedelespace.com\/index.php\/wp-json\/wp\/v2\/users\/2"}],"replies":[{"embeddable":true,"href":"https:\/\/cafedelespace.com\/index.php\/wp-json\/wp\/v2\/comments?post=127"}],"version-history":[{"count":33,"href":"https:\/\/cafedelespace.com\/index.php\/wp-json\/wp\/v2\/pages\/127\/revisions"}],"predecessor-version":[{"id":2298,"href":"https:\/\/cafedelespace.com\/index.php\/wp-json\/wp\/v2\/pages\/127\/revisions\/2298"}],"up":[{"embeddable":true,"href":"https:\/\/cafedelespace.com\/index.php\/wp-json\/wp\/v2\/pages\/121"}],"wp:attachment":[{"href":"https:\/\/cafedelespace.com\/index.php\/wp-json\/wp\/v2\/media?parent=127"}],"curies":[{"name":"wp","href":"https:\/\/api.w.org\/{rel}","templated":true}]}}