{"id":121,"date":"2020-04-14T09:58:47","date_gmt":"2020-04-14T07:58:47","guid":{"rendered":"http:\/\/cafedelespace.com\/?page_id=121"},"modified":"2026-01-07T18:37:00","modified_gmt":"2026-01-07T17:37:00","slug":"qui-sommes-nous","status":"publish","type":"page","link":"https:\/\/cafedelespace.com\/index.php\/qui-sommes-nous\/","title":{"rendered":"Qui sommes nous ?"},"content":{"rendered":"\t\t<div data-elementor-type=\"wp-page\" data-elementor-id=\"121\" class=\"elementor elementor-121\">\n\t\t\t\t\t\t<section class=\"elementor-section elementor-top-section elementor-element elementor-element-1258ab9 elementor-section-boxed elementor-section-height-default elementor-section-height-default\" data-id=\"1258ab9\" data-element_type=\"section\" data-e-type=\"section\">\n\t\t\t\t\t\t<div class=\"elementor-container elementor-column-gap-default\">\n\t\t\t\t\t<div class=\"elementor-column elementor-col-100 elementor-top-column elementor-element elementor-element-ac91b81\" data-id=\"ac91b81\" data-element_type=\"column\" data-e-type=\"column\">\n\t\t\t<div class=\"elementor-widget-wrap elementor-element-populated\">\n\t\t\t\t\t\t<div class=\"elementor-element elementor-element-abe5f35 elementor-widget elementor-widget-text-editor\" data-id=\"abe5f35\" data-element_type=\"widget\" data-e-type=\"widget\" data-widget_type=\"text-editor.default\">\n\t\t\t\t<div class=\"elementor-widget-container\">\n\t\t\t\t\t\t\t\t\t<div class=\"entry-content\"><div class=\"elementor elementor-112\" data-elementor-type=\"wp-page\" data-elementor-id=\"112\" data-elementor-settings=\"[]\"><div class=\"elementor-inner\"><div class=\"elementor-section-wrap\"><section class=\"elementor-element elementor-element-7031120 elementor-section-boxed elementor-section-height-default elementor-section-height-default elementor-section elementor-top-section\" data-id=\"7031120\" data-element_type=\"section\"><div class=\"elementor-container elementor-column-gap-default\"><div class=\"elementor-row\"><div class=\"elementor-element elementor-element-b51a5e2 elementor-column elementor-col-100 elementor-top-column\" data-id=\"b51a5e2\" data-element_type=\"column\"><div class=\"elementor-column-wrap elementor-element-populated\"><div class=\"elementor-widget-wrap\"><div class=\"elementor-element elementor-element-3b23777 elementor-widget elementor-widget-text-editor\" data-id=\"3b23777\" data-element_type=\"widget\" data-widget_type=\"text-editor.default\"><div class=\"elementor-widget-container\"><div class=\"elementor-text-editor elementor-clearfix\"><h3><a href=\"http:\/\/cafedelespace.com\/index.php\/qui-sommes-nous\/le-cafe-de-lespace-espace-associatif-alain-fauriaux\/\">Le Caf\u00e9 de l&rsquo;Espace \/ Espace Associatif Alain Fauriaux<\/a><\/h3><h3><a href=\"http:\/\/cafedelespace.com\/index.php\/qui-sommes-nous\/lequipe\/\">L&rsquo;\u00e9quipe<\/a><\/h3><h3><a href=\"http:\/\/cafedelespace.com\/index.php\/qui-sommes-nous\/les-reseaux\/\">Les r\u00e9seaux<\/a><\/h3><h3><a href=\"http:\/\/cafedelespace.com\/index.php\/qui-sommes-nous\/les-partenaires\/\">Les partenaires<\/a><\/h3><h3><a href=\"http:\/\/cafedelespace.com\/index.php\/mengager\/\">M&rsquo;engager !<\/a><\/h3><h3><a href=\"http:\/\/cafedelespace.com\/index.php\/qui-sommes-nous\/contact\/\">Contact<\/a><\/h3><\/div><\/div><\/div><\/div><\/div><\/div><\/div><\/div><\/section><\/div><\/div><\/div><\/div>\t\t\t\t\t\t\t\t<\/div>\n\t\t\t\t<\/div>\n\t\t\t\t\t<\/div>\n\t\t<\/div>\n\t\t\t\t\t<\/div>\n\t\t<\/section>\n\t\t\t\t<section class=\"elementor-section elementor-top-section elementor-element elementor-element-4ead70e elementor-section-boxed elementor-section-height-default elementor-section-height-default\" data-id=\"4ead70e\" data-element_type=\"section\" data-e-type=\"section\">\n\t\t\t\t\t\t<div class=\"elementor-container elementor-column-gap-default\">\n\t\t\t\t\t<div class=\"elementor-column elementor-col-100 elementor-top-column elementor-element elementor-element-768b3d0\" data-id=\"768b3d0\" data-element_type=\"column\" data-e-type=\"column\">\n\t\t\t<div class=\"elementor-widget-wrap elementor-element-populated\">\n\t\t\t\t\t\t<div class=\"elementor-element elementor-element-b2192e7 elementor-widget elementor-widget-heading\" data-id=\"b2192e7\" data-element_type=\"widget\" data-e-type=\"widget\" data-widget_type=\"heading.default\">\n\t\t\t\t<div class=\"elementor-widget-container\">\n\t\t\t\t\t<h2 class=\"elementor-heading-title elementor-size-default\">Les spaciens<\/h2>\t\t\t\t<\/div>\n\t\t\t\t<\/div>\n\t\t\t\t<div class=\"elementor-element elementor-element-bd55ed1 elementor-widget elementor-widget-text-editor\" data-id=\"bd55ed1\" data-element_type=\"widget\" data-e-type=\"widget\" data-widget_type=\"text-editor.default\">\n\t\t\t\t<div class=\"elementor-widget-container\">\n\t\t\t\t\t\t\t\t\t<p align=\"justify\"><em>Pour faire vivre le lieu, l\u2019Espace Associatif Alain Fauriaux peut compter sur une \u00e9quipe de b\u00e9n\u00e9voles, un conseil d\u2019administration dynamique, une \u00e9quipe salariale impliqu\u00e9e, le tout soutenu par une multitude d\u2019adh\u00e9rents \u2026 et de non adh\u00e9rents !<\/em><\/p>\n<p align=\"justify\">Association de loi 1901, l\u2019EAAF \u2013 Caf\u00e9 de l\u2019Espace est compos\u00e9 de&nbsp;:<\/p>\n<p align=\"justify\">\u2022 membres actifs&nbsp;: les usagers, personnes physiques ou morales, qui adh\u00e8rent \u00e0 ces pr\u00e9sents statuts, \u00e0 l\u2019\u00e9thique de l\u2019association et qui sont \u00e0 jour de leur cotisation. Les mineurs peuvent \u00eatre admis avec l\u2019autorisation de leurs parents.<\/p>\n<p align=\"justify\">\u2022 membres fondateurs&nbsp;: les associations Pays\u2019Sage, l\u2019Entente Sud Est Creuse et l\u2019Amicale des anciens footballeurs de Flayat.<\/p>\n<h4 style=\"text-align: center;\">ADMINISTRATEURICES<\/h4>\n<p align=\"justify\">La mission des administrateurs est d\u2019\u00eatre garants du projet de la structure, de son bon fonctionnement et de l\u2019\u00e9tat d\u2019esprit du Caf\u00e9 de l\u2019Espace.<\/p>\n<p align=\"justify\">L\u2019EAAF \u2013 Caf\u00e9 de l\u2019Espace est gouvern\u00e9 et dirig\u00e9 par des b\u00e9n\u00e9voles r\u00e9unis au sein d\u2019un Conseil d\u2019Administration. Depuis 2018, l\u2019association a adopt\u00e9 de nouveaux statuts qui pr\u00e9cisent le fonctionnement du Conseil d\u2019Administration sous forme coll\u00e9giale. En 2025, l&rsquo;association compte 11 administrateurices.<\/p>\n<h4 style=\"text-align: center;\">BENEVOLES<\/h4>\n<p align=\"justify\">Actuellement, nous comptons sur une vingtaine de b\u00e9n\u00e9voles impliqu\u00e9s tout au long de l\u2019ann\u00e9e. Que ce soit pour le fonctionnement du Caf\u00e9, l\u2019organisation des \u00e9v\u00e8nements, la mise en place des animations, le lien avec les usagers et la r\u00e9flexion commune autour de notre projet associatif.&nbsp;<br>Des rencontres de b\u00e9n\u00e9voles sont tr\u00e8s r\u00e9guli\u00e8rement organis\u00e9es&nbsp;: des r\u00e9unions, des d\u00e9bats sur les actions mises et \u00e0 mettre en place, et autres moments conviviaux permettent \u00e0 des individus diff\u00e9rents mais motiv\u00e9s par l\u2019association de se rencontrer et d\u2019oeuvrer vers un m\u00eame objectif&nbsp;!<\/p>\n<p align=\"justify\"><span style=\"color:rgba(3,14,68,var(--O42jJQ,1))\"><span style=\"font-size:12px\">Plus on est de fous, plus on rit ! Le Caf\u00e9 est un espace associatif qui organise des \u00e9v\u00e9nements \u00e0 l\u2019ann\u00e9e gr\u00e2ce \u00e0 la super \u00e9quipe des b\u00e9n\u00e9voles !<br> Alors si tu veux participer \u00e0 l\u2019organisation des \u00e9v\u00e9nements, proposer des id\u00e9es ou des animations n\u2019h\u00e9site pas \u00e0 venir rencontrer l\u2019\u00e9quipe du caf\u00e9 ou \u00e0 nous contacter au 05 55 67 51 38<\/span><\/span><\/p>\n<h4 style=\"text-align: center;\">SALARIEES<\/h4>\n<div data-id=\"ac9e5e5\" data-element_type=\"widget\" data-widget_type=\"text-editor.default\">\n<div>\n<div>\n<p>L\u2019EAAF emploie trois personnes afin de mener \u00e0 bien ses actions et de d\u00e9velopper ses projet:<\/p>\n<p>J\u00e9r\u00e9mine GAYET: Coordinatrice<\/p>\n<p>Magali SALCEDO:&nbsp; Caf\u00e9 concert: programmatrice de musiques actuelles, et responsable du bar<\/p>\n<p>Louise MOREL: Caf\u00e9 familles: animatrice, programmatrice de spectacle vivant et en charge du g\u00eete La Belle Etoile<\/p>\n<\/div>\n<\/div>\n<\/div>\t\t\t\t\t\t\t\t<\/div>\n\t\t\t\t<\/div>\n\t\t\t\t\t<\/div>\n\t\t<\/div>\n\t\t\t\t\t<\/div>\n\t\t<\/section>\n\t\t\t\t<\/div>\n\t\t","protected":false},"excerpt":{"rendered":"<p>Le Caf\u00e9 de l&rsquo;Espace \/ Espace Associatif Alain Fauriaux L&rsquo;\u00e9quipe Les r\u00e9seaux Les partenaires M&rsquo;engager ! Contact Les spaciens Pour faire vivre le lieu, l\u2019Espace Associatif Alain Fauriaux peut compter sur une \u00e9quipe de b\u00e9n\u00e9voles, un conseil d\u2019administration dynamique, une \u00e9quipe salariale impliqu\u00e9e, le tout soutenu par une multitude d\u2019adh\u00e9rents \u2026 et de non adh\u00e9rents &hellip; <\/p>\n","protected":false},"author":2,"featured_media":0,"parent":0,"menu_order":0,"comment_status":"closed","ping_status":"closed","template":"","meta":{"footnotes":""},"class_list":["post-121","page","type-page","status-publish","hentry","latest_post"],"yoast_head":"<!-- This site is optimized with the Yoast SEO plugin v27.2 - https:\/\/yoast.com\/product\/yoast-seo-wordpress\/ -->\n<title>Qui sommes nous ? &#8212; Le Caf\u00e9 de l&#039;Espace<\/title>\n<meta name=\"robots\" content=\"index, follow, max-snippet:-1, max-image-preview:large, max-video-preview:-1\" \/>\n<link rel=\"canonical\" href=\"https:\/\/cafedelespace.com\/index.php\/qui-sommes-nous\/\" \/>\n<meta property=\"og:locale\" content=\"fr_FR\" \/>\n<meta property=\"og:type\" content=\"article\" \/>\n<meta property=\"og:title\" content=\"Qui sommes nous ? &#8212; Le Caf\u00e9 de l&#039;Espace\" \/>\n<meta property=\"og:description\" content=\"Le Caf\u00e9 de l&rsquo;Espace \/ Espace Associatif Alain Fauriaux L&rsquo;\u00e9quipe Les r\u00e9seaux Les partenaires M&rsquo;engager ! Contact Les spaciens Pour faire vivre le lieu, l\u2019Espace Associatif Alain Fauriaux peut compter sur une \u00e9quipe de b\u00e9n\u00e9voles, un conseil d\u2019administration dynamique, une \u00e9quipe salariale impliqu\u00e9e, le tout soutenu par une multitude d\u2019adh\u00e9rents \u2026 et de non adh\u00e9rents &hellip;\" \/>\n<meta property=\"og:url\" content=\"https:\/\/cafedelespace.com\/index.php\/qui-sommes-nous\/\" \/>\n<meta property=\"og:site_name\" content=\"Le Caf\u00e9 de l&#039;Espace\" \/>\n<meta property=\"article:publisher\" content=\"https:\/\/www.facebook.com\/Cafe.de.lEspace\/\" \/>\n<meta property=\"article:modified_time\" content=\"2026-01-07T17:37:00+00:00\" \/>\n<meta name=\"twitter:card\" content=\"summary_large_image\" \/>\n<meta name=\"twitter:label1\" content=\"Dur\u00e9e de lecture estim\u00e9e\" \/>\n\t<meta name=\"twitter:data1\" content=\"2 minutes\" \/>\n<script type=\"application\/ld+json\" class=\"yoast-schema-graph\">{\"@context\":\"https:\/\/schema.org\",\"@graph\":[{\"@type\":\"WebPage\",\"@id\":\"https:\/\/cafedelespace.com\/index.php\/qui-sommes-nous\/\",\"url\":\"https:\/\/cafedelespace.com\/index.php\/qui-sommes-nous\/\",\"name\":\"Qui sommes nous ? &#8212; Le Caf\u00e9 de l&#039;Espace\",\"isPartOf\":{\"@id\":\"https:\/\/cafedelespace.com\/#website\"},\"datePublished\":\"2020-04-14T07:58:47+00:00\",\"dateModified\":\"2026-01-07T17:37:00+00:00\",\"breadcrumb\":{\"@id\":\"https:\/\/cafedelespace.com\/index.php\/qui-sommes-nous\/#breadcrumb\"},\"inLanguage\":\"fr-FR\",\"potentialAction\":[{\"@type\":\"ReadAction\",\"target\":[\"https:\/\/cafedelespace.com\/index.php\/qui-sommes-nous\/\"]}]},{\"@type\":\"BreadcrumbList\",\"@id\":\"https:\/\/cafedelespace.com\/index.php\/qui-sommes-nous\/#breadcrumb\",\"itemListElement\":[{\"@type\":\"ListItem\",\"position\":1,\"name\":\"Accueil\",\"item\":\"https:\/\/cafedelespace.com\/\"},{\"@type\":\"ListItem\",\"position\":2,\"name\":\"Qui sommes nous ?\"}]},{\"@type\":\"WebSite\",\"@id\":\"https:\/\/cafedelespace.com\/#website\",\"url\":\"https:\/\/cafedelespace.com\/\",\"name\":\"Le Caf\u00e9 de l Espace - Espace Associatif Alain Fauriaux\",\"description\":\"Espace Associatif Alain Fauriaux\",\"publisher\":{\"@id\":\"https:\/\/cafedelespace.com\/#organization\"},\"potentialAction\":[{\"@type\":\"SearchAction\",\"target\":{\"@type\":\"EntryPoint\",\"urlTemplate\":\"https:\/\/cafedelespace.com\/?s={search_term_string}\"},\"query-input\":{\"@type\":\"PropertyValueSpecification\",\"valueRequired\":true,\"valueName\":\"search_term_string\"}}],\"inLanguage\":\"fr-FR\"},{\"@type\":\"Organization\",\"@id\":\"https:\/\/cafedelespace.com\/#organization\",\"name\":\"Caf\u00e9 de l'Espace\",\"url\":\"https:\/\/cafedelespace.com\/\",\"logo\":{\"@type\":\"ImageObject\",\"inLanguage\":\"fr-FR\",\"@id\":\"https:\/\/cafedelespace.com\/#\/schema\/logo\/image\/\",\"url\":\"https:\/\/cafedelespace.com\/wp-content\/uploads\/2020\/04\/logo-peinture.png\",\"contentUrl\":\"https:\/\/cafedelespace.com\/wp-content\/uploads\/2020\/04\/logo-peinture.png\",\"width\":500,\"height\":500,\"caption\":\"Caf\u00e9 de l'Espace\"},\"image\":{\"@id\":\"https:\/\/cafedelespace.com\/#\/schema\/logo\/image\/\"},\"sameAs\":[\"https:\/\/www.facebook.com\/Cafe.de.lEspace\/\"]}]}<\/script>\n<!-- \/ Yoast SEO plugin. -->","yoast_head_json":{"title":"Qui sommes nous ? &#8212; Le Caf\u00e9 de l&#039;Espace","robots":{"index":"index","follow":"follow","max-snippet":"max-snippet:-1","max-image-preview":"max-image-preview:large","max-video-preview":"max-video-preview:-1"},"canonical":"https:\/\/cafedelespace.com\/index.php\/qui-sommes-nous\/","og_locale":"fr_FR","og_type":"article","og_title":"Qui sommes nous ? &#8212; Le Caf\u00e9 de l&#039;Espace","og_description":"Le Caf\u00e9 de l&rsquo;Espace \/ Espace Associatif Alain Fauriaux L&rsquo;\u00e9quipe Les r\u00e9seaux Les partenaires M&rsquo;engager ! Contact Les spaciens Pour faire vivre le lieu, l\u2019Espace Associatif Alain Fauriaux peut compter sur une \u00e9quipe de b\u00e9n\u00e9voles, un conseil d\u2019administration dynamique, une \u00e9quipe salariale impliqu\u00e9e, le tout soutenu par une multitude d\u2019adh\u00e9rents \u2026 et de non adh\u00e9rents &hellip;","og_url":"https:\/\/cafedelespace.com\/index.php\/qui-sommes-nous\/","og_site_name":"Le Caf\u00e9 de l&#039;Espace","article_publisher":"https:\/\/www.facebook.com\/Cafe.de.lEspace\/","article_modified_time":"2026-01-07T17:37:00+00:00","twitter_card":"summary_large_image","twitter_misc":{"Dur\u00e9e de lecture estim\u00e9e":"2 minutes"},"schema":{"@context":"https:\/\/schema.org","@graph":[{"@type":"WebPage","@id":"https:\/\/cafedelespace.com\/index.php\/qui-sommes-nous\/","url":"https:\/\/cafedelespace.com\/index.php\/qui-sommes-nous\/","name":"Qui sommes nous ? &#8212; Le Caf\u00e9 de l&#039;Espace","isPartOf":{"@id":"https:\/\/cafedelespace.com\/#website"},"datePublished":"2020-04-14T07:58:47+00:00","dateModified":"2026-01-07T17:37:00+00:00","breadcrumb":{"@id":"https:\/\/cafedelespace.com\/index.php\/qui-sommes-nous\/#breadcrumb"},"inLanguage":"fr-FR","potentialAction":[{"@type":"ReadAction","target":["https:\/\/cafedelespace.com\/index.php\/qui-sommes-nous\/"]}]},{"@type":"BreadcrumbList","@id":"https:\/\/cafedelespace.com\/index.php\/qui-sommes-nous\/#breadcrumb","itemListElement":[{"@type":"ListItem","position":1,"name":"Accueil","item":"https:\/\/cafedelespace.com\/"},{"@type":"ListItem","position":2,"name":"Qui sommes nous ?"}]},{"@type":"WebSite","@id":"https:\/\/cafedelespace.com\/#website","url":"https:\/\/cafedelespace.com\/","name":"Le Caf\u00e9 de l Espace - Espace Associatif Alain Fauriaux","description":"Espace Associatif Alain Fauriaux","publisher":{"@id":"https:\/\/cafedelespace.com\/#organization"},"potentialAction":[{"@type":"SearchAction","target":{"@type":"EntryPoint","urlTemplate":"https:\/\/cafedelespace.com\/?s={search_term_string}"},"query-input":{"@type":"PropertyValueSpecification","valueRequired":true,"valueName":"search_term_string"}}],"inLanguage":"fr-FR"},{"@type":"Organization","@id":"https:\/\/cafedelespace.com\/#organization","name":"Caf\u00e9 de l'Espace","url":"https:\/\/cafedelespace.com\/","logo":{"@type":"ImageObject","inLanguage":"fr-FR","@id":"https:\/\/cafedelespace.com\/#\/schema\/logo\/image\/","url":"https:\/\/cafedelespace.com\/wp-content\/uploads\/2020\/04\/logo-peinture.png","contentUrl":"https:\/\/cafedelespace.com\/wp-content\/uploads\/2020\/04\/logo-peinture.png","width":500,"height":500,"caption":"Caf\u00e9 de l'Espace"},"image":{"@id":"https:\/\/cafedelespace.com\/#\/schema\/logo\/image\/"},"sameAs":["https:\/\/www.facebook.com\/Cafe.de.lEspace\/"]}]}},"_links":{"self":[{"href":"https:\/\/cafedelespace.com\/index.php\/wp-json\/wp\/v2\/pages\/121","targetHints":{"allow":["GET"]}}],"collection":[{"href":"https:\/\/cafedelespace.com\/index.php\/wp-json\/wp\/v2\/pages"}],"about":[{"href":"https:\/\/cafedelespace.com\/index.php\/wp-json\/wp\/v2\/types\/page"}],"author":[{"embeddable":true,"href":"https:\/\/cafedelespace.com\/index.php\/wp-json\/wp\/v2\/users\/2"}],"replies":[{"embeddable":true,"href":"https:\/\/cafedelespace.com\/index.php\/wp-json\/wp\/v2\/comments?post=121"}],"version-history":[{"count":11,"href":"https:\/\/cafedelespace.com\/index.php\/wp-json\/wp\/v2\/pages\/121\/revisions"}],"predecessor-version":[{"id":2224,"href":"https:\/\/cafedelespace.com\/index.php\/wp-json\/wp\/v2\/pages\/121\/revisions\/2224"}],"wp:attachment":[{"href":"https:\/\/cafedelespace.com\/index.php\/wp-json\/wp\/v2\/media?parent=121"}],"curies":[{"name":"wp","href":"https:\/\/api.w.org\/{rel}","templated":true}]}}